{"id":1411,"date":"2018-10-28T23:01:29","date_gmt":"2018-10-28T22:01:29","guid":{"rendered":"http:\/\/theaterkonstellationen.ch\/?page_id=1411"},"modified":"2023-02-10T23:11:49","modified_gmt":"2023-02-10T22:11:49","slug":"hamlet_lok","status":"publish","type":"page","link":"https:\/\/jonasknecht.com\/?page_id=1411","title":{"rendered":"Hamlet_LOK"},"content":{"rendered":"<h2><strong>Ein Projekt mit vier T\u00e4nzer_innen, sechs Schauspieler_innen und einem Musiker nach William Shakespeare von Anita Augustin, Sergiu Matis und Jonas Knecht<\/strong><\/h2>\n<h2><strong>Theater St.Gallen<\/strong><\/h2>\n<p><strong>Die Premiere war am 9.September 2016 am Theater St. Gallen in der Lokremise.<\/strong><\/p>\n<p style=\"text-align: left;\">\n\t\t<!-- MasterSlider -->\n\t\t<div id=\"P_MS5bdf50557c46f\" class=\"master-slider-parent ms-parent-id-5\"  >\n\n\t\t\t\n\t\t\t<!-- MasterSlider Main -->\n\t\t\t<div id=\"MS5bdf50557c46f\" class=\"master-slider ms-skin-default\" >\n\t\t\t\t \t\t\t\t \n\n\t\t\t<div  class=\"ms-slide\" data-delay=\"3\" data-fill-mode=\"fit\"   >\n\t\t\t\t\t<img decoding=\"async\" src=\"http:\/\/theaterkonstellationen.ch\/wp-content\/plugins\/masterslider\/public\/assets\/css\/blank.gif\" alt=\"\" title=\"Theater St. Gallen    HAMLET_LOK\" data-src=\"http:\/\/theaterkonstellationen.ch\/wp-content\/uploads\/2018\/10\/hamlet_lok_002_FotoSebastianHoppe.jpg\" \/>\n\n\n\t\t\t\t<\/div>\n\t\t\t<div  class=\"ms-slide\" data-delay=\"3\" data-fill-mode=\"fit\"   >\n\t\t\t\t\t<img decoding=\"async\" src=\"http:\/\/theaterkonstellationen.ch\/wp-content\/plugins\/masterslider\/public\/assets\/css\/blank.gif\" alt=\"\" title=\"Theater St. Gallen    HAMLET_LOK\" data-src=\"http:\/\/theaterkonstellationen.ch\/wp-content\/uploads\/2017\/11\/hamlet_lok_012_FotoSebastianHoppe.jpg\" \/>\n\n\n\t\t\t\t<\/div>\n\t\t\t<div  class=\"ms-slide\" data-delay=\"3\" data-fill-mode=\"fit\"   >\n\t\t\t\t\t<img decoding=\"async\" src=\"http:\/\/theaterkonstellationen.ch\/wp-content\/plugins\/masterslider\/public\/assets\/css\/blank.gif\" alt=\"\" title=\"Theater St. Gallen    HAMLET_LOK\" data-src=\"http:\/\/theaterkonstellationen.ch\/wp-content\/uploads\/2018\/10\/hamlet_lok_016_FotoSebastianHoppe.jpg\" \/>\n\n\n\t\t\t\t<\/div>\n\t\t\t<div  class=\"ms-slide\" data-delay=\"3\" data-fill-mode=\"fit\"   >\n\t\t\t\t\t<img decoding=\"async\" src=\"http:\/\/theaterkonstellationen.ch\/wp-content\/plugins\/masterslider\/public\/assets\/css\/blank.gif\" alt=\"\" title=\"Theater St. Gallen    HAMLET_LOK\" data-src=\"http:\/\/theaterkonstellationen.ch\/wp-content\/uploads\/2018\/10\/hamlet_lok_015_FotoSebastianHoppe.jpg\" \/>\n\n\n\t\t\t\t<\/div>\n\t\t\t<div  class=\"ms-slide\" data-delay=\"3\" data-fill-mode=\"fit\"   >\n\t\t\t\t\t<img decoding=\"async\" src=\"http:\/\/theaterkonstellationen.ch\/wp-content\/plugins\/masterslider\/public\/assets\/css\/blank.gif\" alt=\"\" title=\"Theater St. Gallen    HAMLET_LOK\" data-src=\"http:\/\/theaterkonstellationen.ch\/wp-content\/uploads\/2018\/10\/hamlet_lok_012_FotoSebastianHoppe.jpg\" \/>\n\n\n\t\t\t\t<\/div>\n\t\t\t<div  class=\"ms-slide\" data-delay=\"3\" data-fill-mode=\"fit\"   >\n\t\t\t\t\t<img decoding=\"async\" src=\"http:\/\/theaterkonstellationen.ch\/wp-content\/plugins\/masterslider\/public\/assets\/css\/blank.gif\" alt=\"\" title=\"Theater St. Gallen    HAMLET_LOK\" data-src=\"http:\/\/theaterkonstellationen.ch\/wp-content\/uploads\/2018\/10\/hamlet_lok_011_FotoSebastianHoppe.jpg\" \/>\n\n\n\t\t\t\t<\/div>\n\t\t\t<div  class=\"ms-slide\" data-delay=\"3\" data-fill-mode=\"fit\"   >\n\t\t\t\t\t<img decoding=\"async\" src=\"http:\/\/theaterkonstellationen.ch\/wp-content\/plugins\/masterslider\/public\/assets\/css\/blank.gif\" alt=\"\" title=\"Theater St. Gallen    HAMLET_LOK\" data-src=\"http:\/\/theaterkonstellationen.ch\/wp-content\/uploads\/2018\/10\/hamlet_lok_008_FotoSebastianHoppe.jpg\" \/>\n\n\n\t\t\t\t<\/div>\n\t\t\t<div  class=\"ms-slide\" data-delay=\"3\" data-fill-mode=\"fit\"   >\n\t\t\t\t\t<img decoding=\"async\" src=\"http:\/\/theaterkonstellationen.ch\/wp-content\/plugins\/masterslider\/public\/assets\/css\/blank.gif\" alt=\"\" title=\"Theater St. Gallen    HAMLET_LOK\" data-src=\"http:\/\/theaterkonstellationen.ch\/wp-content\/uploads\/2018\/10\/hamlet_lok_007_FotoSebastianHoppe.jpg\" \/>\n\n\n\t\t\t\t<\/div>\n\t\t\t<div  class=\"ms-slide\" data-delay=\"3\" data-fill-mode=\"fit\"   >\n\t\t\t\t\t<img decoding=\"async\" src=\"http:\/\/theaterkonstellationen.ch\/wp-content\/plugins\/masterslider\/public\/assets\/css\/blank.gif\" alt=\"\" title=\"Theater St. Gallen    HAMLET_LOK\" data-src=\"http:\/\/theaterkonstellationen.ch\/wp-content\/uploads\/2018\/10\/hamlet_lok_006_FotoSebastianHoppe.jpg\" \/>\n\n\n\t\t\t\t<\/div>\n\t\t\t<div  class=\"ms-slide\" data-delay=\"3\" data-fill-mode=\"fit\"   >\n\t\t\t\t\t<img decoding=\"async\" src=\"http:\/\/theaterkonstellationen.ch\/wp-content\/plugins\/masterslider\/public\/assets\/css\/blank.gif\" alt=\"\" title=\"Theater St. Gallen    HAMLET_LOK\" data-src=\"http:\/\/theaterkonstellationen.ch\/wp-content\/uploads\/2018\/10\/hamlet_lok_005_FotoSebastianHoppe.jpg\" \/>\n\n\n\t\t\t\t<\/div>\n\t\t\t<div  class=\"ms-slide\" data-delay=\"3\" data-fill-mode=\"fit\"   >\n\t\t\t\t\t<img decoding=\"async\" src=\"http:\/\/theaterkonstellationen.ch\/wp-content\/plugins\/masterslider\/public\/assets\/css\/blank.gif\" alt=\"\" title=\"Theater St. Gallen    HAMLET_LOK\" data-src=\"http:\/\/theaterkonstellationen.ch\/wp-content\/uploads\/2018\/10\/hamlet_lok_004_FotoSebastianHoppe.jpg\" \/>\n\n\n\t\t\t\t<\/div>\n\t\t\t<div  class=\"ms-slide\" data-delay=\"3\" data-fill-mode=\"fit\"   >\n\t\t\t\t\t<img decoding=\"async\" src=\"http:\/\/theaterkonstellationen.ch\/wp-content\/plugins\/masterslider\/public\/assets\/css\/blank.gif\" alt=\"\" title=\"Theater St. Gallen    HAMLET_LOK\" data-src=\"http:\/\/theaterkonstellationen.ch\/wp-content\/uploads\/2018\/10\/hamlet_lok_003_FotoSebastianHoppe.jpg\" \/>\n\n\n\t\t\t\t<\/div>\n\t\t\t<div  class=\"ms-slide\" data-delay=\"3\" data-fill-mode=\"fit\"   >\n\t\t\t\t\t<img decoding=\"async\" src=\"http:\/\/theaterkonstellationen.ch\/wp-content\/plugins\/masterslider\/public\/assets\/css\/blank.gif\" alt=\"\" title=\"Theater St. Gallen    HAMLET_LOK\" data-src=\"http:\/\/theaterkonstellationen.ch\/wp-content\/uploads\/2018\/11\/hamlet_lok_009_FotoSebastianHoppe.jpg\" \/>\n\n\n\t\t\t\t<\/div>\n\n\t\t\t<\/div>\n\t\t\t<!-- END MasterSlider Main -->\n\n\t\t\t \n\t\t<\/div>\n\t\t<!-- END MasterSlider -->\n\n\t\t<script>\n\t\t( window.MSReady = window.MSReady || [] ).push( function( $ ) {\n\n\t\t\t\"use strict\";\n\t\t\tvar masterslider_c46f = new MasterSlider();\n\n\t\t\t\/\/ slider controls\n\t\t\tmasterslider_c46f.control('arrows'     ,{ autohide:false, overVideo:false  });\n\t\t\t\/\/ slider setup\n\t\t\tmasterslider_c46f.setup(\"MS5bdf50557c46f\", {\n\t\t\t\twidth           : 800,\n\t\t\t\theight          : 500,\n\t\t\t\tminHeight       : 0,\n\t\t\t\tspace           : 0,\n\t\t\t\tstart           : 1,\n\t\t\t\tgrabCursor      : false,\n\t\t\t\tswipe           : true,\n\t\t\t\tmouse           : true,\n\t\t\t\tkeyboard        : false,\n\t\t\t\tlayout          : \"fillwidth\",\n\t\t\t\twheel           : false,\n\t\t\t\tautoplay        : false,\n                instantStartLayers:false,\n\t\t\t\tmobileBGVideo:false,\n\t\t\t\tloop            : true,\n\t\t\t\tshuffle         : false,\n\t\t\t\tpreload         : 0,\n\t\t\t\theightLimit     : true,\n\t\t\t\tautoHeight      : false,\n\t\t\t\tsmoothHeight    : true,\n\t\t\t\tendPause        : false,\n\t\t\t\toverPause       : true,\n\t\t\t\tfillMode        : \"fill\",\n\t\t\t\tcenterControls  : true,\n\t\t\t\tstartOnAppear   : false,\n\t\t\t\tlayersMode      : \"center\",\n\t\t\t\tautofillTarget  : \"\",\n\t\t\t\thideLayers      : false,\n\t\t\t\tfullscreenMargin: 0,\n\t\t\t\tspeed           : 10,\n\t\t\t\tdir             : \"h\",\n\t\t\t\tparallaxMode    : 'swipe',\n\t\t\t\tview            : \"basic\"\n\t\t\t});\n\n\t\t\t\n\t\t\twindow.masterslider_instances = window.masterslider_instances || [];\n\t\t\twindow.masterslider_instances.push( masterslider_c46f );\n\t\t});\n\t\t<\/script>\n\n\u00a0\u00a9 Fotos Sebastian Hoppe<\/p>\n<div class=\"bcc-column-cont row mceNonEditable\">\n<div class=\"bcc-column col-lg-6 col-md-6 col-sm-12 col-xs-12\">\n<p><strong>Team<br \/>\n<\/strong>Inszenierung: Jonas Knecht<br \/>\nChoreografie: Sergiu Matis<br \/>\nB\u00fchne: Markus Karner<br \/>\nKost\u00fcme: Friederike Meisel<br \/>\nMusikalische Leitung \/ Live-Musik: Andi Peter<br \/>\nDramaturgie &amp; Texte: Anita Augustin<\/p>\n<\/div>\n<div class=\"bcc-column col-lg-6 col-md-6 col-sm-12 col-xs-12\">\n<p><strong>Spiel<br \/>\n<\/strong>Bruno Riedl, Oliver Losehand, Birgit B\u00fccker, Anja Tobler, Christian Hettkamp, Hansj\u00fcrg M\u00fcller, Hoang Anh Ta Hong, Lorian Mader, Emily Pak, Cecilia Wretemark<\/p>\n<div class=\"bcc-column-cont row mceNonEditable\"><\/div>\n<\/div>\n<div class=\"clearfix mceNonEditable\"><\/div>\n<\/div>\n<hr \/>\n<h2>Hamlet_LOK<\/h2>\n<p><b>Hamlet_Lok ist die Er\u00f6ffnung der Hamlet-Trilogie HotSpotHamlet, mit der die neue Schauspieldirektion des Theaters St.Gallen unter Jonas Knecht in ihre erste\u00a0Spielzeit startet. Vier T\u00e4nzer, sechs Schauspieler und ein Musiker werden sich als Shakespeare-Spezialisten zu einem Symposium um den D\u00e4nenprinzen zusammenfinden und in der Lokremise tagen.<\/b><\/p>\n<p><strong>Wenn jemand auf die wahnwitzige Idee kommen w\u00fcrde, alles lesen zu wollen, was je \u00fcber Shakespeare geschrieben wurde, dann m\u00fcsste er t\u00e4glich acht Stunden B\u00fccher w\u00e4lzen \u2013 und das neunzig Jahre lang. Schuld an den apokalyptischen Textmengen sind Menschen, die nichts Besseres zu tun haben, als \u00fcber Shakespeare nachzudenken. Elf davon tagen ab September in der Lokremise. Es sind elf Experten f\u00fcr unterschiedliche Aspekte in Shakespeares monumentaler Rachetrag\u00f6die Hamlet, darunter ein Experte f\u00fcr Selbstmord, einer f\u00fcr Herzschmerz, einer f\u00fcr Brechreiz. <\/strong><br \/>\n<strong>Das Spiel um Mord und Macht, um Liebe und L\u00fcge zieht die Experten immer tiefer in den Strudel des Geschehens. Albtraumhaft steigen die zu Tode geredeten Figuren aus ihren Gr\u00e4bern und ergreifen von den Tagungsteilnehmern Besitz. Sie werden zu Hamlet, Ophelia oder Claudius. Sie morden, l\u00fcgen, lieben und hassen. Sie f\u00fchren vertrottelte T\u00e4nze auf und singen sich in den Wahnsinn. <\/strong><\/p>\n<h2>HotSpotHamlet<\/h2>\n<p>HotSpotHamlet ist eine Absichtserkl\u00e4rung: Einen Stoff \u2013 einen der aufregendsten und widerspr\u00fcchlichsten der Theatergeschichte \u2013 in drei komplett verschiedenen Umsetzungen auf die B\u00fchne zu bringen: als sparten\u00fcbergreifendes Projekt in der Lokremise, als St\u00fcck f\u00fcr junge Menschen im Studio und als Trag\u00f6die in einer modernen \u00dcbersetzung auf der grossen B\u00fchne. Und das fast zeitgleich! So vielf\u00e4ltig die Interpretationsm\u00f6glichkeiten von Hamlet sind, so unterschiedlich werden die einzelnen Inszenierungen ausfallen \u2013 in ihrer Lesart, ihrer \u00c4sthetik, ihrer Sprache.<\/p>\n<hr \/>\n<h1>Video<\/h1>\n<h3>Trailer<\/h3>\n<p><iframe loading=\"lazy\" title=\"Theater St.Gallen \/ Trailer \/ Hamlet_LOK\" src=\"https:\/\/player.vimeo.com\/video\/297614458?dnt=1&amp;app_id=122963\" width=\"500\" height=\"281\" frameborder=\"0\" allow=\"autoplay; fullscreen; picture-in-picture; clipboard-write\"><\/iframe><\/p>\n<h3>Vorstellungsmittschnitt<\/h3>\n<p><iframe loading=\"lazy\" src=\"https:\/\/player.vimeo.com\/video\/188055449?dnt=1&amp;app_id=122963\" width=\"500\" height=\"375\" frameborder=\"0\" allow=\"autoplay; fullscreen; picture-in-picture; clipboard-write\"><\/iframe><\/p>\n<hr \/>\n<h1>Presse<\/h1>\n<p><strong><span class=\"metainfo__author\">Daniele Muscionico<\/span> schreibt in der <a href=\"https:\/\/www.nzz.ch\/feuilleton\/musik\/schauspieleroeffnung-in-st-gallen-hamlet-steigt-in-die-hose-ld.120302\" target=\"_blank\" rel=\"noopener\">NZZ<\/a>:<\/strong> [&#8230;] Patriotismus als Notwehr. Das ist eine schmissige Zeitdiagnose und eine attraktive \u00abHamlet\u00bb-Interpretation. Die Er\u00f6ffnungspremiere am Theater St. Gallen macht nachhaltige Denkangebote, und das ist gut so. Mit Shakespeares Rachetrag\u00f6die hat Tim Kramer, der vormalige Schauspielchef, seine Direktion 2007 er\u00f6ffnet, und mit ebendiesem Stoff stellt sich auch sein Nachfolger vor, Jonas Knecht. Und alles, oder doch das Entscheidende, ist neu mit diesem neuen Mann. Knecht will es wissen, legt sich an mit St. Gallen und inszeniert Theater als Kontaktsportart: Er liefert zur Er\u00f6ffnung mit einem Streich drei handfeste und handfest unterschiedliche \u00abHamlet\u00bb-Deutungen. [&#8230;]<\/p>\n<p><strong>Das Ostschweizer <a href=\"https:\/\/www.saiten.ch\/aha-haha-h-amlet\/\" target=\"_blank\" rel=\"noopener\">Kulturmagazin Saiten<\/a> meint:<\/strong> [&#8230;] Mit einem erfrischenden Meta-\u00abHamlet\u00bb gelingt dem neuen Schauspieldirektor Jonas Knecht ein \u00fcberzeugender Einstand am Theater St. Gallen. Seine Inszenierung zeigt auch, in welche Richtung es mit dem Theater gehen soll. [&#8230;]<br \/>\n[&#8230;] Der Abend ist f\u00fcr Knecht aus zwei Gr\u00fcnden ein Erfolg: Er \u00fcberzeugt mit einem klugen, erfrischenden <em>Hamlet<\/em>, aus dem ein feiner Humor hervorblitzt. Und gleichzeitig positioniert er sich klar im Hinblick auf seine Zeit als Schauspieldirektor.<br \/>\nDenn diese Regiearbeit ist Programm: Man tanzt, dekonstruiert, spielt, macht Musik. Man hinterfragt festgefahrene Strukturen, w\u00e4hlt unkonventionelle Wege und setzt auf sparten\u00fcbergreifende Kollaborationen. Das scheint ein Erfolgsrezept zu sein. F\u00fcr die kommenden Spielzeiten w\u00fcnscht man sich mehr davon. [&#8230;]<\/p>\n<hr \/>\n","protected":false},"excerpt":{"rendered":"<p>Ein Projekt mit vier T\u00e4nzer_innen, sechs Schauspieler_innen und einem Musiker nach William Shakespeare von Anita Augustin, Sergiu Matis und Jonas Knecht Theater St.Gallen Die Premiere&#8230;<\/p>\n<div class=\"more-link-wrapper\"><a class=\"more-link\" href=\"https:\/\/jonasknecht.com\/?page_id=1411\">Weiterlesen<span class=\"screen-reader-text\">Hamlet_LOK<\/span><\/a><\/div>\n","protected":false},"author":1,"featured_media":0,"parent":133,"menu_order":0,"comment_status":"closed","ping_status":"closed","template":"","meta":{"footnotes":""},"class_list":["post-1411","page","type-page","status-publish","hentry","ratio-natural","entry"],"_links":{"self":[{"href":"https:\/\/jonasknecht.com\/index.php?rest_route=\/wp\/v2\/pages\/1411","targetHints":{"allow":["GET"]}}],"collection":[{"href":"https:\/\/jonasknecht.com\/index.php?rest_route=\/wp\/v2\/pages"}],"about":[{"href":"https:\/\/jonasknecht.com\/index.php?rest_route=\/wp\/v2\/types\/page"}],"author":[{"embeddable":true,"href":"https:\/\/jonasknecht.com\/index.php?rest_route=\/wp\/v2\/users\/1"}],"replies":[{"embeddable":true,"href":"https:\/\/jonasknecht.com\/index.php?rest_route=%2Fwp%2Fv2%2Fcomments&post=1411"}],"version-history":[{"count":10,"href":"https:\/\/jonasknecht.com\/index.php?rest_route=\/wp\/v2\/pages\/1411\/revisions"}],"predecessor-version":[{"id":2763,"href":"https:\/\/jonasknecht.com\/index.php?rest_route=\/wp\/v2\/pages\/1411\/revisions\/2763"}],"up":[{"embeddable":true,"href":"https:\/\/jonasknecht.com\/index.php?rest_route=\/wp\/v2\/pages\/133"}],"wp:attachment":[{"href":"https:\/\/jonasknecht.com\/index.php?rest_route=%2Fwp%2Fv2%2Fmedia&parent=1411"}],"curies":[{"name":"wp","href":"https:\/\/api.w.org\/{rel}","templated":true}]}}