{"id":2108,"date":"2021-02-10T15:21:11","date_gmt":"2021-02-10T14:21:11","guid":{"rendered":"https:\/\/theater-konstellationen.net\/?page_id=2108"},"modified":"2022-10-11T16:56:14","modified_gmt":"2022-10-11T14:56:14","slug":"citta_test","status":"publish","type":"page","link":"https:\/\/jonasknecht.com\/?page_id=2108","title":{"rendered":"Citt\u00e0 irreale"},"content":{"rendered":"<h2><strong>Audiowalk zur gleichnamigen Kunstausstellung in der Lokremise<br \/>\n<\/strong>Theater St.Gallen in Kooperation mit dem Kunstmuseum St.Gallen \u2013 Urauff\u00fchrung<\/h2>\n<p><img loading=\"lazy\" decoding=\"async\" class=\"alignleft size-full wp-image-2162\" src=\"https:\/\/theater-konstellationen.net\/wp-content\/uploads\/2021\/04\/Citta_irreale_Vorschau.jpg\" alt=\"\" width=\"700\" height=\"350\" \/><\/p>\n<p>&nbsp;<\/p>\n<p>&nbsp;<\/p>\n<p>&nbsp;<\/p>\n<p>&nbsp;<\/p>\n<p>&nbsp;<\/p>\n<p>&nbsp;<\/p>\n<p>&nbsp;<\/p>\n<p>&nbsp;<\/p>\n<p><strong>Die Ausstellung und der AudioWalk waren vom 6. M\u00e4rz 2021 \u2013 8. August\u00a02021 zu erleben.<\/strong><br \/>\n<strong>Hier gibt&#8217;s weitere Infos, Bilder und Beitr\u00e4ge auf der Seite vom\u00a0<a href=\"https:\/\/www.kunstmuseumsg.ch\/archiv\/citta-irreale#c11727\" target=\"_blank\" rel=\"noopener\">Kunstmuseum St.Gallen<\/a>.<\/strong><\/p>\n<p><strong>Der AudioWalk kann hier geh\u00f6rt werden.<br \/>\nBitte nur mit Kopfh\u00f6rern!<\/strong><\/p>\n<audio class=\"wp-audio-shortcode\" id=\"audio-2108-1\" preload=\"auto\" style=\"width: 100%;\" controls=\"controls\"><source type=\"audio\/mpeg\" src=\"https:\/\/theater-konstellationen.net\/wp-content\/uploads\/2021\/12\/CittaIrreale_FINAL.mp3?_=1\" \/><a href=\"https:\/\/theater-konstellationen.net\/wp-content\/uploads\/2021\/12\/CittaIrreale_FINAL.mp3\">https:\/\/theater-konstellationen.net\/wp-content\/uploads\/2021\/12\/CittaIrreale_FINAL.mp3<\/a><\/audio>\n<h1>Team \/ Produktion<\/h1>\n<p>REGIE UND AUFNAHMELEITUNG: Anja Horst, Jonas Knecht<br \/>\nTEXTE: Maria Ursprung,\u00a0Julie Paucker und Anja Horst<br \/>\nRECHERCHE UND DRAMATURGIE: Julie Paucker<br \/>\nMUSIK UND SOUNDDESIGN: Albrecht Ziepert<br \/>\nPRODUKTIONSASSISTENZ: Sebastian Juen<br \/>\nSTIMMEN: Birgit B\u00fccker,\u00a0Pascale Pfeuti, Anna Blumer, Jeanne Le Moign,\u00a0Tobias Graupner,\u00a0Christian Hettkamp,\u00a0Frederik Rauscher,\u00a0Fabian M\u00fcller, Moritz B\u00fcrge<\/p>\n<p>KUNSTWERKE VON: Nina Beier,\u00a0Christoph B\u00fcchel,\u00a0Bob Gramsma,\u00a0Alex Hanimann,\u00a0Sara Mas\u00fcger,\u00a0Jessica Stockholder<\/p>\n<p>PREMIERE \/ VERNISSAGE: 6.M\u00e4rz 2021<br \/>\nDERNIERE \/ FINISSAGE: 8.August 2021<\/p>\n<p>Aufgenommen im Januar und Februar 2021 im mobilen Tonstudio des Theaters St.Gallen.<br \/>\nVielen Dank f\u00fcr die grossz\u00fcgige Unterst\u00fctzung an die Stiftung Lokremise!<br \/>\nUnd ein Dankesch\u00f6n an die Staatsoper Berlin und den Jazzclub Moods in Z\u00fcrich f\u00fcr die Mikrophone.<\/p>\n<h1>Zum Projekt<\/h1>\n<p>Zum wiederholten Mal stellt die Corona-Pandemie unsere Gesellschaft weltweit vor ungeheuere Herausforderungen. Die gesundheitlichen, sozialen, kulturellen und wirtschaftlichen Auswirkungen werden uns noch lange besch\u00e4ftigen. Zugleich m\u00fcssen wir als Kulturschaffende neue Formen finden, die dem social distancing gerecht werden, aber auch unserem Auftrag, gesellschaftliche Prozesse aktiv zu begleiten.<br \/>\nSo entstand der Gedanke zu einer ungew\u00f6hnlichen, sparten\u00fcbergreifenden Koproduktion unseres Schauspielensembles mit dem Kunstmuseum St. Gallen. In der Ausstellung &#8222;Citt\u00e0 irreale&#8220; werden raumgreifende und skulpturale Arbeiten aus den Best\u00e4nden des Kunstmuseums zu sehen sein, die zum Teil begehbar sind und sich auf einen sozialen Kontext beziehen. In dem gleichnamigen Audiowalk k\u00f6nnen Besucher*innen der Ausstellung \u00fcber Kopfh\u00f6rer erleben, wie diese Landschaft vergangener Utopien und Dystopien zu neuem, fiktivem Leben erwacht. Die Kunst-Objekte werden zu Reflexionsr\u00e4umen einer Citt\u00e0 Irreale, einer Stadt, die es nicht gibt, aber geben k\u00f6nnte<\/p>\n<h1>Presse<\/h1>\n<p><a href=\"https:\/\/www.saiten.ch\/da-vergeht-einem-das-sehen-vor-lauter-hoeren-nicht\/\" target=\"_blank\" rel=\"noopener\"><strong>Ostschweizer Kulturmagazin Saiten<\/strong><\/a><br \/>\n[&#8230;] Die Besucher*innen treten in eine Welt ein, in der \u00fcber die Ohren vermittelt und \u00fcber den K\u00f6rper erfahrbar wird, wie etwas sein k\u00f6nnte, wenn es tats\u00e4chlich so w\u00e4re, und vor welche Herausforderungen uns die Pandemie stellt und noch stellen wird. Innerhalb von nur 50 Minuten gelingt es dieser Koproduktion des Schauspielensembles mit dem Kunstmuseum St.Gallen, das zu artikulieren, nach dem wir uns in Normalit\u00e4t alle sehnen: La realit\u00e0. [&#8230;] Der theatrale Audiowalk entf\u00fchrt, verf\u00fchrt, bewegt, sch\u00fcttelt durch, nimmt mit auf eine Reise. [&#8230;]<\/p>\n<p><strong><a href=\"https:\/\/theater-konstellationen.net\/wp-content\/uploads\/2021\/04\/9_120321_Tagblatt-online_Citta-irreale_Kritik.pdf\" target=\"_blank\" rel=\"noopener\">St.Galler Tagblatt<\/a><\/strong><br \/>\n[&#8230;] 50 Minuten Theater f\u00fcrs Ohr: Der vielleicht intimste Museumsbesuch \u2013 alleine mit dem Schauspielensemble des St.Galler Theaters in der Kunstzone der Lokremise. Das extra f\u00fcr die aktuelle Ausstellung \u00abCitt\u00e0 irreale\u00bb in der Kunstzone der St.Galler Lokremise entwickelte H\u00f6rst\u00fcck hat Sogwirkung. Ein Rundgang in zehn Kunst-Stationen durch eine imagin\u00e4re Stadt, in der die Zeit viel zu schnell vergeht. [&#8230;]<\/p>\n<p>&nbsp;<\/p>\n","protected":false},"excerpt":{"rendered":"<p>Audiowalk zur gleichnamigen Kunstausstellung in der Lokremise Theater St.Gallen in Kooperation mit dem Kunstmuseum St.Gallen \u2013 Urauff\u00fchrung &nbsp; &nbsp; &nbsp; &nbsp; &nbsp; &nbsp; &nbsp; &nbsp;&#8230;<\/p>\n<div class=\"more-link-wrapper\"><a class=\"more-link\" href=\"https:\/\/jonasknecht.com\/?page_id=2108\">Weiterlesen<span class=\"screen-reader-text\">Citt\u00e0 irreale<\/span><\/a><\/div>\n","protected":false},"author":1,"featured_media":0,"parent":133,"menu_order":0,"comment_status":"closed","ping_status":"closed","template":"","meta":{"footnotes":""},"class_list":["post-2108","page","type-page","status-publish","hentry","ratio-natural","entry"],"_links":{"self":[{"href":"https:\/\/jonasknecht.com\/index.php?rest_route=\/wp\/v2\/pages\/2108","targetHints":{"allow":["GET"]}}],"collection":[{"href":"https:\/\/jonasknecht.com\/index.php?rest_route=\/wp\/v2\/pages"}],"about":[{"href":"https:\/\/jonasknecht.com\/index.php?rest_route=\/wp\/v2\/types\/page"}],"author":[{"embeddable":true,"href":"https:\/\/jonasknecht.com\/index.php?rest_route=\/wp\/v2\/users\/1"}],"replies":[{"embeddable":true,"href":"https:\/\/jonasknecht.com\/index.php?rest_route=%2Fwp%2Fv2%2Fcomments&post=2108"}],"version-history":[{"count":10,"href":"https:\/\/jonasknecht.com\/index.php?rest_route=\/wp\/v2\/pages\/2108\/revisions"}],"predecessor-version":[{"id":2482,"href":"https:\/\/jonasknecht.com\/index.php?rest_route=\/wp\/v2\/pages\/2108\/revisions\/2482"}],"up":[{"embeddable":true,"href":"https:\/\/jonasknecht.com\/index.php?rest_route=\/wp\/v2\/pages\/133"}],"wp:attachment":[{"href":"https:\/\/jonasknecht.com\/index.php?rest_route=%2Fwp%2Fv2%2Fmedia&parent=2108"}],"curies":[{"name":"wp","href":"https:\/\/api.w.org\/{rel}","templated":true}]}}