{"id":2214,"date":"2021-06-09T00:08:00","date_gmt":"2021-06-08T22:08:00","guid":{"rendered":"https:\/\/theater-konstellationen.net\/?page_id=2214"},"modified":"2023-03-10T17:18:07","modified_gmt":"2023-03-10T16:18:07","slug":"der-letzte-schnee","status":"publish","type":"page","link":"https:\/\/jonasknecht.com\/?page_id=2214","title":{"rendered":"Der letzte Schnee"},"content":{"rendered":"<h1>Theaterst\u00fcck nach dem Roman von Arno Camenisch<\/h1>\n<h2>Konzert Theater Bern | Vidmarhalle 1 | Urauff\u00fchrung<\/h2>\n<h3><strong><span style=\"color: #993366;\"><br \/>\nDie Produktion war zum\u00a0<a style=\"color: #993366;\" href=\"http:\/\/rencontre-theatre-suisse.ch\/de\/spectacles-2020\/\" target=\"_blank\" rel=\"noopener noreferrer\">Schweizer Theatertreffen 2020<\/a> eingeladen!<\/span><br \/>\n<\/strong><\/h3>\n<p><strong>Am 8. November 2019 ging die Urauff\u00fchrung vom letzten Schnee \u00fcber die B\u00fchne der Vidmarhalle 1 in Bern. Das Publikum und die Presse waren ziemlich angetan von unserer Inszenierung.<\/strong><\/p>\n<p>\n\t\t<!-- MasterSlider -->\n\t\t<div id=\"P_MS60bfeb1c42d23\" class=\"master-slider-parent ms-parent-id-12\"  >\n\n\t\t\t\n\t\t\t<!-- MasterSlider Main -->\n\t\t\t<div id=\"MS60bfeb1c42d23\" class=\"master-slider ms-skin-default\" >\n\t\t\t\t \t\t\t\t \n\n\t\t\t<div  class=\"ms-slide\" data-delay=\"3\" data-fill-mode=\"fit\"   >\n\t\t\t\t\t<img decoding=\"async\" src=\"https:\/\/theater-konstellationen.net\/wp-content\/plugins\/masterslider\/public\/assets\/css\/blank.gif\" alt=\"\" title=\"KONZERT THEATER BERN\" data-src=\"https:\/\/theater-konstellationen.net\/wp-content\/uploads\/2019\/11\/3_Schnee651.jpeg\" \/>\n\n\n\t\t\t\t<\/div>\n\t\t\t<div  class=\"ms-slide\" data-delay=\"3\" data-fill-mode=\"fit\"   >\n\t\t\t\t\t<img decoding=\"async\" src=\"https:\/\/theater-konstellationen.net\/wp-content\/plugins\/masterslider\/public\/assets\/css\/blank.gif\" alt=\"\" title=\"KONZERT THEATER BERN\" data-src=\"https:\/\/theater-konstellationen.net\/wp-content\/uploads\/2019\/11\/8_Schnee845.jpeg\" \/>\n\n\n\t\t\t\t<\/div>\n\t\t\t<div  class=\"ms-slide\" data-delay=\"3\" data-fill-mode=\"fit\"   >\n\t\t\t\t\t<img decoding=\"async\" src=\"https:\/\/theater-konstellationen.net\/wp-content\/plugins\/masterslider\/public\/assets\/css\/blank.gif\" alt=\"\" title=\"KONZERT THEATER BERN\" data-src=\"https:\/\/theater-konstellationen.net\/wp-content\/uploads\/2019\/11\/1_Schnee019.jpeg\" \/>\n\n\n\t\t\t\t<\/div>\n\t\t\t<div  class=\"ms-slide\" data-delay=\"3\" data-fill-mode=\"fit\"   >\n\t\t\t\t\t<img decoding=\"async\" src=\"https:\/\/theater-konstellationen.net\/wp-content\/plugins\/masterslider\/public\/assets\/css\/blank.gif\" alt=\"\" title=\"KONZERT THEATER BERN\" data-src=\"https:\/\/theater-konstellationen.net\/wp-content\/uploads\/2019\/11\/7_Schnee738.jpeg\" \/>\n\n\n\t\t\t\t<\/div>\n\t\t\t<div  class=\"ms-slide\" data-delay=\"3\" data-fill-mode=\"fit\"   >\n\t\t\t\t\t<img decoding=\"async\" src=\"https:\/\/theater-konstellationen.net\/wp-content\/plugins\/masterslider\/public\/assets\/css\/blank.gif\" alt=\"\" title=\"KONZERT THEATER BERN\" data-src=\"https:\/\/theater-konstellationen.net\/wp-content\/uploads\/2019\/11\/5_Schnee.204.jpeg\" \/>\n\n\n\t\t\t\t<\/div>\n\t\t\t<div  class=\"ms-slide\" data-delay=\"3\" data-fill-mode=\"fit\"   >\n\t\t\t\t\t<img decoding=\"async\" src=\"https:\/\/theater-konstellationen.net\/wp-content\/plugins\/masterslider\/public\/assets\/css\/blank.gif\" alt=\"\" title=\"KONZERT THEATER BERN\" data-src=\"https:\/\/theater-konstellationen.net\/wp-content\/uploads\/2019\/11\/6_Schnee629.jpeg\" \/>\n\n\n\t\t\t\t<\/div>\n\t\t\t<div  class=\"ms-slide\" data-delay=\"3\" data-fill-mode=\"fit\"   >\n\t\t\t\t\t<img decoding=\"async\" src=\"https:\/\/theater-konstellationen.net\/wp-content\/plugins\/masterslider\/public\/assets\/css\/blank.gif\" alt=\"\" title=\"KONZERT THEATER BERN\" data-src=\"https:\/\/theater-konstellationen.net\/wp-content\/uploads\/2019\/11\/4_Schnee370.jpeg\" \/>\n\n\n\t\t\t\t<\/div>\n\t\t\t<div  class=\"ms-slide\" data-delay=\"3\" data-fill-mode=\"fill\"   >\n\t\t\t\t\t<img decoding=\"async\" src=\"https:\/\/theater-konstellationen.net\/wp-content\/plugins\/masterslider\/public\/assets\/css\/blank.gif\" alt=\"\" title=\"KONZERT THEATER BERN\" data-src=\"https:\/\/theater-konstellationen.net\/wp-content\/uploads\/2019\/11\/2_Schnee222.jpeg\" \/>\n\n\n\t\t\t\t<\/div>\n\n\t\t\t<\/div>\n\t\t\t<!-- END MasterSlider Main -->\n\n\t\t\t \n\t\t<\/div>\n\t\t<!-- END MasterSlider -->\n\n\t\t<script>\n\t\t( window.MSReady = window.MSReady || [] ).push( function( $ ) {\n\n\t\t\t\"use strict\";\n\t\t\tvar masterslider_2d23 = new MasterSlider();\n\n\t\t\t\/\/ slider controls\n\t\t\tmasterslider_2d23.control('arrows'     ,{ autohide:true, overVideo:true  });\n\t\t\t\/\/ slider setup\n\t\t\tmasterslider_2d23.setup(\"MS60bfeb1c42d23\", {\n\t\t\t\twidth           : 900,\n\t\t\t\theight          : 620,\n\t\t\t\tminHeight       : 0,\n\t\t\t\tspace           : 0,\n\t\t\t\tstart           : 1,\n\t\t\t\tgrabCursor      : false,\n\t\t\t\tswipe           : true,\n\t\t\t\tmouse           : true,\n\t\t\t\tkeyboard        : false,\n\t\t\t\tlayout          : \"fillwidth\",\n\t\t\t\twheel           : false,\n\t\t\t\tautoplay        : false,\n                instantStartLayers:false,\n\t\t\t\tmobileBGVideo:false,\n\t\t\t\tloop            : true,\n\t\t\t\tshuffle         : false,\n\t\t\t\tpreload         : 0,\n\t\t\t\theightLimit     : true,\n\t\t\t\tautoHeight      : false,\n\t\t\t\tsmoothHeight    : true,\n\t\t\t\tendPause        : false,\n\t\t\t\toverPause       : true,\n\t\t\t\tfillMode        : \"fill\",\n\t\t\t\tcenterControls  : true,\n\t\t\t\tstartOnAppear   : false,\n\t\t\t\tlayersMode      : \"center\",\n\t\t\t\tautofillTarget  : \"\",\n\t\t\t\thideLayers      : false,\n\t\t\t\tfullscreenMargin: 0,\n\t\t\t\tspeed           : 15,\n\t\t\t\tdir             : \"h\",\n\t\t\t\tresponsive      : true,\n\t\t\t\ttabletWidth     : 768,\n\t\t\t\ttabletHeight    : null,\n\t\t\t\tphoneWidth      : 480,\n\t\t\t\tphoneHeight    : null,\n\t\t\t\tsizingReference : window,\n\t\t\t\tparallaxMode    : 'swipe',\n\t\t\t\tview            : \"basic\"\n\t\t\t});\n\n\t\t\t\n\t\t\twindow.masterslider_instances = window.masterslider_instances || [];\n\t\t\twindow.masterslider_instances.push( masterslider_2d23 );\n\t\t});\n\t\t<\/script>\n\n \u00a9 Fotos Annette Boutellier<\/p>\n<h3><strong>Begr\u00fcndung der Jury zur Einladung zum Schweizer Theatertreffen 2020<\/strong><\/h3>\n<p><strong>[&#8230;] Am Konzert Theater Bern scheint Jonas Knecht, der St.Galler Schauspielchef, die beiden Gestalten zun\u00e4chst direkt aus einem Alpental ausgeschnitten und ins Theater importiert zu haben, inklusive dem Tannli neben und dem diversen Ger\u00fcmpel hinter dem Skilifth\u00e4uschen. Der Sound des Romans bekommt auf der weit offenen B\u00fchne viel Raum.<\/strong><br \/>\n<strong>Soweit so texttreu. Doch Romane auf der B\u00fchne brauchen etwas mehr, das Medium Theater muss seine St\u00e4rken einbringen. Der scheinbare Naturalismus wird hier fein unterlaufen und \u00fcberh\u00f6ht: Einerseits durch Anna Trauffers Live-Musik zwischen Glasharfenkl\u00e4ngen und Mahler-Adaption, die einen doppelten Boden schafft. Andererseits durch den Kunstgriff der Regie, den beiden Berglern zwei unsichtbare, aber effiziente Spezialisten der Verg\u00e4nglichkeit gegen\u00fcberzustellen. Geisterhaft, aber \u00fcberhaupt nicht unheimlich, r\u00e4umen sie auf, was nicht mehr gebraucht wird. Was kann alles weg? Das Resultat am Schluss dieses 95-min\u00fctigen Requiems ist in seiner Lakonik eher erschreckend als \u00fcberraschend. (Tobias Gerosa)<\/strong><\/p>\n<h2><strong><span style=\"color: #ffffff;\">.<\/span><br \/>\nPresse<\/strong><\/h2>\n<p><strong>Anne-Sophie Scholl in &#8222;Der Bund&#8220; vom 10.11.2019:<\/strong><br \/>\n\u00ab<em>Der letzte Schnee<\/em> ist der bisher st\u00e4rkste und erfolgreichste Roman von Arno Camenisch. Die Inszenierung bleibt nah am Text und schafft es, die Variationen \u00fcber das Verschwinden in starke Bilder auf die B\u00fchne zu \u00fcbersetzen: ein kleines, kauziges Welttheater, in dem sich Trost und Verlorenheit aufheben. \u00abDer Tod kuriert uns vom Leben\u00bb, sagt der Georg. Am Ende ist der Schlepplift abgestellt. Und doch ziehen im Hintergrund der B\u00fchne die B\u00fcgel eines Schlepplifts ihren Kreis.\u00bb<\/p>\n<p><strong>Andreas Kl\u00e4ui im\u00a0<a href=\"https:\/\/www.srf.ch\/play\/radio\/kultur-kompakt\/audio\/unheimlich-oder-umwerfend-james-dean-in-einem-aktuellen-film?id=80474bd6-cc64-4955-a641-0c12e10fdc2a&amp;startTime=326&amp;startTime=326\" target=\"_blank\" rel=\"noopener noreferrer\">SRF Kultur kompakt<\/a> vom Montag, den 10.11.2019:<\/strong><br \/>\n\u00abAm Ende liegt das Skih\u00fcttlein in seine Einzelteile zerlegt, sorgf\u00e4ltig angeordnet auf der B\u00fchne, wie ein Sinnbild f\u00fcr einen Schweizer Wintersport, der vielleicht schon bald der Vergangenheit angeh\u00f6rt, wenn der Schnee ausbleibt. [&#8230;] Es ist eine charmante B\u00fchnenfassung, liebevoll und sehr nah am Text, die Jonas Knecht mit den Berner Schauspielern erarbeitet hat.\u00bb<\/p>\n<div class=\"bcc-column col-lg-4 col-md-4 col-sm-12 col-xs-12\">\n<p><strong>Corinna Hirne im &#8222;B\u00fcndner Tagblatt&#8220; vom 10.11.2019:<\/strong><br \/>\n\u00abRegisseur Jonas Knecht gelingt eine skurrile, witzige und karikaturhafte Urauff\u00fchrung von &#8222;Der letzte Schnee&#8220; des B\u00fcndner Autors Arno Camenisch am Konzert Theater Bern mit klimapolitischem Impetus. [&#8230;] Die Inszenierung ist eine Metapher f\u00fcr unser Nichtstun. Wie im Schlepplift bleiben wir passiv auf unserer Bahn. Die Klimaver\u00e4nderung ist eine Tatsache, die wir ignorieren. W\u00e4hrenddessen geht unsere Welt kaputt wie die H\u00fctte im St\u00fcck.<br \/>\nUn\u00fcbersehbar liegt hier ein neuer Becket vor. Auch Camenisch l\u00e4sst Paul und Georg wie Estragon und Wladimir im Kreis drehen. Insofern passen die langf\u00e4digen Momente der Regie gut, um die Zuschauenden auf sich selbst zur\u00fcckzuwerfen. Die Nervosit\u00e4t, die sich dabei einstellt, das ist die Botschaft des Abends.\u00bb<\/p>\n<\/div>\n<div class=\"bcc-column col-lg-4 col-md-4 col-sm-12 col-xs-12\">\n<p><strong>Daniele Muscionico in der NZZ vom 22.12.2019:<br \/>\n<\/strong>\u00abDer stille, poetische und hochmusikalische Abend basiert auf dem gleichnamigen Roman von Arno Camenisch und wird stets vor ausverkauften Reihen gespielt. [&#8230;]\u00a0Die erste Fassung, noch vom Autor selber, wurde als ungen\u00fcgend bewertet \u2013 Jonas Knecht als Regisseur, Dramaturg Michael Gmaj und das Ensemble entwickelten eine verdichtete und dabei dichterische Version. Sie ist in ihrer musikalischen Kraft (Anna Trauffer sorgt f\u00fcr Naturt\u00f6ne) und in ihrer dramatischen Energie dem Original nicht nur ebenb\u00fcrtig, sie ist ihr in etlichen Passagen sogar \u00fcberlegen.<br \/>\nDenn hier wird aus Text Spiel, aus Sprache Musik und aus Musik Sprache. Die Produktion kennt die Mittel des Theaters und setzt sie effektsicher ein. Der Mehrwert ist enorm. Die Camenisch-S\u00e4tze und Camenisch-Themen \u2013 der Verlust von Tradition und von Herkunft \u2013 gewinnen an Tiefe und Kraft. Am Ende werden zwei neu eingef\u00fchrte G\u00f6tterboten (\u00abSpezialisten der Verg\u00e4nglichkeit\u00bb) das B\u00fchnenbild von Markus Karner auf kalte, aber entschiedene Weise in seine Teile zerlegen. Doch was tun die nun unbehausten Menschlein sodann? Die Antwort f\u00fchrt ins Theater. In einen Abend, der Camenisch entdeckt, wie dieser sich selber so wahr wohl nicht kennt.\u00bb<\/p>\n<\/div>\n<div class=\"clearfix mceNonEditable\"><\/div>\n<h2><strong><span style=\"color: #ffffff;\">.<\/span><br \/>\nTrailer<\/strong><\/h2>\n<p><iframe loading=\"lazy\" title=\"Konzert Theater Bern \/ Der letzte Schnee (Arno Camenisch) \/ Trailer\" src=\"https:\/\/player.vimeo.com\/video\/373741696?dnt=1&amp;app_id=122963\" width=\"500\" height=\"281\" frameborder=\"0\" allow=\"autoplay; fullscreen; picture-in-picture; clipboard-write\"><\/iframe><\/p>\n<h2><strong><br \/>\n<span style=\"color: #ffffff;\">.<\/span><br \/>\nZum St\u00fcck<\/strong><\/h2>\n<p>Da sitzen zwei M\u00e4nner am Skilift und k\u00f6nnen kein W\u00e4sserchen tr\u00fcben. Sie sortieren B\u00fcgel, ordnen Billette und lassen ab und an eine Bemerkung zur Lage der Welt fallen. Dabei k\u00f6nnte ihnen todsicher eines die Laune tr\u00fcben: Es ist Winter und es f\u00e4llt kein Schnee. Die Skifahrer bleiben aus. Was tun? Weitermachen, sprich erz\u00e4hlen, fantasieren, fabulieren. Vielleicht l\u00e4sst er sich ja herbeireden, der Schnee, wenn man so tut, als ob nichts w\u00e4re.<br \/>\nArno Camenischs Roman ist charmant und etwas skurril, und er lebt wie <em>Ustrinkata <\/em>und <em>Fred und Franz<\/em>, die beide an Konzert Theater Bern uraufgef\u00fchrt wurden, von seinen liebenswert-schrulligen Hauptfiguren. Diesmal ist er aber auch hochpolitisch, weil er erz\u00e4hlt, wie eine sich erw\u00e4rmende Natur unser Leben ver\u00e4ndert und zum Verschwinden bringt.<br \/>\nJonas Knecht ist Schauspieldirektor am Theater St. Gallen und experimentiert dort mit Formaten, Texten und Dialekten. Mit der Berner Kontrabassistin Anna Trauffer \u00fcbersetzt er Camenischs Roman in einen stillen, melancholischen Theaterabend, in dem es vielleicht nie wirklich schneit, die Musik uns aber von l\u00e4ngst vergangenen Schneelandschaften tr\u00e4umen l\u00e4sst.<\/p>\n<h2><strong><span style=\"color: #ffffff;\">.<\/span><br \/>\nBesetzung<\/strong><\/h2>\n<p class=\"staff 44419\"><span class=\"label\"><b>Regie <\/b><\/span><span class=\"name\">Jonas Knecht<br \/>\n<\/span><span class=\"label\"><b>B\u00fchne &amp; Kost\u00fcm <\/b><\/span><span class=\"name\"><a href=\"https:\/\/www.markuskarner.com\" target=\"_blank\" rel=\"noopener\">Markus Karner<\/a><br \/>\n<\/span><span class=\"label\"><b>Live-Musik\u00a0<\/b><\/span><span class=\"name\"><a href=\"http:\/\/www.annatrauffer.ch\" target=\"_blank\" rel=\"noopener\">Anna Trauffer<\/a><br \/>\n<\/span><span class=\"label\"><b>Sounddesign <\/b><\/span><span class=\"name\"><a href=\"https:\/\/albrechtziepert.com\" target=\"_blank\" rel=\"noopener\">Albrecht Ziepert<\/a><br \/>\n<\/span><span class=\"label\"><b>Licht\u00a0<\/b><span class=\"name\">Hanspeter Liechti<\/span><b><br \/>\nDramaturgie <\/b><\/span><span class=\"name\">Michael Gmaj<\/span><\/p>\n<p><strong>Spiel<\/strong> Anna Trauffer, David Berger, Jonathan Loosli, Luka Dimic, Mathis K\u00fcnzler<\/p>\n<p>&nbsp;<\/p>\n","protected":false},"excerpt":{"rendered":"<p>Theaterst\u00fcck nach dem Roman von Arno Camenisch Konzert Theater Bern | Vidmarhalle 1 | Urauff\u00fchrung Die Produktion war zum\u00a0Schweizer Theatertreffen 2020 eingeladen! Am 8. November&#8230;<\/p>\n<div class=\"more-link-wrapper\"><a class=\"more-link\" href=\"https:\/\/jonasknecht.com\/?page_id=2214\">Weiterlesen<span class=\"screen-reader-text\">Der letzte Schnee<\/span><\/a><\/div>\n","protected":false},"author":1,"featured_media":0,"parent":133,"menu_order":0,"comment_status":"closed","ping_status":"closed","template":"","meta":{"footnotes":""},"class_list":["post-2214","page","type-page","status-publish","hentry","ratio-natural","entry"],"_links":{"self":[{"href":"https:\/\/jonasknecht.com\/index.php?rest_route=\/wp\/v2\/pages\/2214","targetHints":{"allow":["GET"]}}],"collection":[{"href":"https:\/\/jonasknecht.com\/index.php?rest_route=\/wp\/v2\/pages"}],"about":[{"href":"https:\/\/jonasknecht.com\/index.php?rest_route=\/wp\/v2\/types\/page"}],"author":[{"embeddable":true,"href":"https:\/\/jonasknecht.com\/index.php?rest_route=\/wp\/v2\/users\/1"}],"replies":[{"embeddable":true,"href":"https:\/\/jonasknecht.com\/index.php?rest_route=%2Fwp%2Fv2%2Fcomments&post=2214"}],"version-history":[{"count":9,"href":"https:\/\/jonasknecht.com\/index.php?rest_route=\/wp\/v2\/pages\/2214\/revisions"}],"predecessor-version":[{"id":2760,"href":"https:\/\/jonasknecht.com\/index.php?rest_route=\/wp\/v2\/pages\/2214\/revisions\/2760"}],"up":[{"embeddable":true,"href":"https:\/\/jonasknecht.com\/index.php?rest_route=\/wp\/v2\/pages\/133"}],"wp:attachment":[{"href":"https:\/\/jonasknecht.com\/index.php?rest_route=%2Fwp%2Fv2%2Fmedia&parent=2214"}],"curies":[{"name":"wp","href":"https:\/\/api.w.org\/{rel}","templated":true}]}}