{"id":2486,"date":"2022-10-02T17:06:59","date_gmt":"2022-10-02T15:06:59","guid":{"rendered":"https:\/\/theater-konstellationen.net\/?page_id=2486"},"modified":"2022-11-13T22:59:31","modified_gmt":"2022-11-13T21:59:31","slug":"vorhang-zu-ohren-auf","status":"publish","type":"page","link":"https:\/\/jonasknecht.com\/?page_id=2486","title":{"rendered":"Vorhang zu, Ohren auf!"},"content":{"rendered":"<p>Ausgehend von der Frage, wie Theater w\u00e4hrend des Corona-Lockdowns m\u00f6glich ist, haben wir am Theater St.Gallen mit Schauspieler_innen vom Ensemble und Musiker_innen des Sinfonieorchesters eine Reihe von H\u00f6rspielen und H\u00f6rst\u00fccken unter dem Titel <span class=\"_4yxo\">\u00abVorhang zu, Ohren auf!\u00bb produziert<\/span>.\u00a0Beim H\u00f6ren kann sich das Publikum seine eigenen Bilder machen und das Theater im Kopf entstehen lassen.<\/p>\n<p>Alle Aufnahmen sind auf der Studiob\u00fchne des Theater St.Gallen im Fr\u00fchsommer 2020 und im Januar 2021 entstanden.<br \/>\nNachfolgend eine Auswahl aus den entstandenen H\u00f6r-Beitr\u00e4gen \u2013 f\u00fcr Kinder und f\u00fcr Erwachsene.<\/p>\n<hr \/>\n<h1 class=\"headline center with-margin\"><strong>Vorhang zu, Ohren auf!<br \/>\n<\/strong>F\u00fcr Kinder<strong><br \/>\n<span style=\"color: #ffffff;\">.<\/span><\/strong><\/h1>\n<h2><strong>\u00abDie Bremer Stadtmusikanten\u00bb<br \/>\n<\/strong>frei nach den Br\u00fcdern Grimm<\/h2>\n<audio class=\"wp-audio-shortcode\" id=\"audio-2486-1\" preload=\"none\" style=\"width: 100%;\" controls=\"controls\"><source type=\"audio\/mpeg\" src=\"https:\/\/theater-konstellationen.net\/wp-content\/uploads\/2022\/10\/bstadtmusikanten_v21062020.mp3?_=1\" \/><a href=\"https:\/\/theater-konstellationen.net\/wp-content\/uploads\/2022\/10\/bstadtmusikanten_v21062020.mp3\">https:\/\/theater-konstellationen.net\/wp-content\/uploads\/2022\/10\/bstadtmusikanten_v21062020.mp3<\/a><\/audio>\n<p>Es lesen: Anja Tobler, Tobias Graupner, Christian Hettkamp<br \/>\nMusik: Rosemary Yiameos (Oboe), Karl Schimke (Tuba)<br \/>\nProduktion: Anja Horst (Regie und Bearbeitung), Jonas Knecht (Regie, Aufnahmen, Schnitt)<br \/>\nRegieassistenz: Maren Watermann<br \/>\n<span style=\"color: #ffffff;\">.<\/span><\/p>\n<h2><strong>\u00abDie Wichtelm\u00e4nner\u00bb<br \/>\n<\/strong>frei nach den Br\u00fcdern Grimm<\/h2>\n<audio class=\"wp-audio-shortcode\" id=\"audio-2486-2\" preload=\"none\" style=\"width: 100%;\" controls=\"controls\"><source type=\"audio\/mpeg\" src=\"https:\/\/theater-konstellationen.net\/wp-content\/uploads\/2022\/10\/wichtelmaenner_v31052020.mp3?_=2\" \/><a href=\"https:\/\/theater-konstellationen.net\/wp-content\/uploads\/2022\/10\/wichtelmaenner_v31052020.mp3\">https:\/\/theater-konstellationen.net\/wp-content\/uploads\/2022\/10\/wichtelmaenner_v31052020.mp3<\/a><\/audio>\n<p>Mit: Diana Dengler, Pascale Pfeuti und Fabian M\u00fcller<br \/>\nFagott: R\u00fcdiger Schwedes<br \/>\nProduktion: Anja Horst (Regie und Bearbeitung), Jonas Knecht (Regie, Aufnahmen, Schnitt)<br \/>\nRegieassistenz: Maren Watermann<br \/>\n<span style=\"color: #ffffff;\">.<\/span><\/p>\n<h2><strong>\u00abRumpelstilzchen\u00bb<br \/>\n<\/strong>frei nach den Br\u00fcdern Grimm<\/h2>\n<audio class=\"wp-audio-shortcode\" id=\"audio-2486-3\" preload=\"none\" style=\"width: 100%;\" controls=\"controls\"><source type=\"audio\/mpeg\" src=\"https:\/\/theater-konstellationen.net\/wp-content\/uploads\/2022\/10\/rumpelstilzchen_v23052020.mp3?_=3\" \/><a href=\"https:\/\/theater-konstellationen.net\/wp-content\/uploads\/2022\/10\/rumpelstilzchen_v23052020.mp3\">https:\/\/theater-konstellationen.net\/wp-content\/uploads\/2022\/10\/rumpelstilzchen_v23052020.mp3<\/a><\/audio>\n<p>Mit: Anna Blumer, Birgit B\u00fccker, Fabian M\u00fcller und Frederik Rauscher<br \/>\nVioline und Klavier: Daniel St\u00f6ckli<br \/>\nProduktion: Anja Horst (Regie und Bearbeitung), Jonas Knecht (Regie, Aufnahmen, Schnitt)<br \/>\nRegieassistenz: Maren Watermann<br \/>\n<span style=\"color: #ffffff;\">.<\/span><\/p>\n<h2><strong>\u00abDie kluge Gretel\u00bb<br \/>\n<\/strong>frei nach den Br\u00fcdern Grimm<\/h2>\n<audio class=\"wp-audio-shortcode\" id=\"audio-2486-4\" preload=\"none\" style=\"width: 100%;\" controls=\"controls\"><source type=\"audio\/mpeg\" src=\"https:\/\/theater-konstellationen.net\/wp-content\/uploads\/2022\/10\/gretel_v17052020.mp3?_=4\" \/><a href=\"https:\/\/theater-konstellationen.net\/wp-content\/uploads\/2022\/10\/gretel_v17052020.mp3\">https:\/\/theater-konstellationen.net\/wp-content\/uploads\/2022\/10\/gretel_v17052020.mp3<\/a><\/audio>\n<p>Es lesen: Birgit B\u00fccker, Anja Horst und Jonas Knecht<br \/>\nMusik: Ricardo Gaspar (Bratsche)<br \/>\nProduktion: Anja Horst (Regie und Bearbeitung), Jonas Knecht (Regie, Aufnahmen, Schnitt)<br \/>\nRegieassistenz: Maren Watermann<br \/>\n<span style=\"color: #ffffff;\">.<\/span><\/p>\n<h2><strong>\u00abKalif Storch\u00bb<br \/>\n<\/strong>nach dem M\u00e4rchen von Wilhelm Hauff<\/h2>\n<audio class=\"wp-audio-shortcode\" id=\"audio-2486-5\" preload=\"none\" style=\"width: 100%;\" controls=\"controls\"><source type=\"audio\/mpeg\" src=\"https:\/\/theater-konstellationen.net\/wp-content\/uploads\/2022\/10\/kalif_storch_v10052020.mp3?_=5\" \/><a href=\"https:\/\/theater-konstellationen.net\/wp-content\/uploads\/2022\/10\/kalif_storch_v10052020.mp3\">https:\/\/theater-konstellationen.net\/wp-content\/uploads\/2022\/10\/kalif_storch_v10052020.mp3<\/a><\/audio>\n<p>Erz\u00e4hlt von Birgit B\u00fccker<br \/>\nMusik: Andi Peter<br \/>\nProduktion: Anja Horst (Regie und Bearbeitung), Jonas Knecht (Regie, Aufnahmen, Schnitt)<br \/>\nRegieassistenz: Maren Watermann<\/p>\n<hr \/>\n<h1 class=\"headline center with-margin\"><strong>Vorhang zu, Ohren auf!<br \/>\n<\/strong>F\u00fcr Erwachsene<strong><br \/>\n<span style=\"color: #ffffff;\">.<\/span><\/strong><\/h1>\n<h2><strong>\u00abDie Nachkommende\u00bb<br \/>\n<\/strong>von Ivna \u017dic<\/h2>\n<p>Ausschnitte aus dem gleichnamigen Roman von Ivna \u017dic. 2019 nominiert f\u00fcr den Schweizer Buchpreis.<br \/>\nEs liest: Pascale Pfeuti<br \/>\nProduktion: Anja Horst (Regie und Fassung), Jonas Knecht (Regie, Aufnahme und Schnitt)<br \/>\nRegieassistenz: Maren Watermann<\/p>\n<h2>Teil 1: Jahr Jahre Grossvater<\/h2>\n<audio class=\"wp-audio-shortcode\" id=\"audio-2486-6\" preload=\"none\" style=\"width: 100%;\" controls=\"controls\"><source type=\"audio\/mpeg\" src=\"https:\/\/theater-konstellationen.net\/wp-content\/uploads\/2022\/10\/nachkommende_teil1_v06052020.mp3?_=6\" \/><a href=\"https:\/\/theater-konstellationen.net\/wp-content\/uploads\/2022\/10\/nachkommende_teil1_v06052020.mp3\">https:\/\/theater-konstellationen.net\/wp-content\/uploads\/2022\/10\/nachkommende_teil1_v06052020.mp3<\/a><\/audio>\n<h2><\/h2>\n<h2>Teil 2: I&#8217;m doing fine in Alaska<\/h2>\n<audio class=\"wp-audio-shortcode\" id=\"audio-2486-7\" preload=\"none\" style=\"width: 100%;\" controls=\"controls\"><source type=\"audio\/mpeg\" src=\"https:\/\/theater-konstellationen.net\/wp-content\/uploads\/2022\/10\/nachkommende_teil2_v14052020.mp3?_=7\" \/><a href=\"https:\/\/theater-konstellationen.net\/wp-content\/uploads\/2022\/10\/nachkommende_teil2_v14052020.mp3\">https:\/\/theater-konstellationen.net\/wp-content\/uploads\/2022\/10\/nachkommende_teil2_v14052020.mp3<\/a><\/audio>\n<h2><\/h2>\n<h2>Teil 3: Frau Marijana<\/h2>\n<audio class=\"wp-audio-shortcode\" id=\"audio-2486-8\" preload=\"none\" style=\"width: 100%;\" controls=\"controls\"><source type=\"audio\/mpeg\" src=\"https:\/\/theater-konstellationen.net\/wp-content\/uploads\/2022\/10\/nachkommende_teil3_v21052020.mp3?_=8\" \/><a href=\"https:\/\/theater-konstellationen.net\/wp-content\/uploads\/2022\/10\/nachkommende_teil3_v21052020.mp3\">https:\/\/theater-konstellationen.net\/wp-content\/uploads\/2022\/10\/nachkommende_teil3_v21052020.mp3<\/a><\/audio>\n<p>&nbsp;<\/p>\n<h2><span style=\"color: #ffffff;\">.<\/span><\/h2>\n<hr \/>\n<p>&nbsp;<\/p>\n","protected":false},"excerpt":{"rendered":"<p>Ausgehend von der Frage, wie Theater w\u00e4hrend des Corona-Lockdowns m\u00f6glich ist, haben wir am Theater St.Gallen mit Schauspieler_innen vom Ensemble und Musiker_innen des Sinfonieorchesters eine&#8230;<\/p>\n<div class=\"more-link-wrapper\"><a class=\"more-link\" href=\"https:\/\/jonasknecht.com\/?page_id=2486\">Weiterlesen<span class=\"screen-reader-text\">Vorhang zu, Ohren auf!<\/span><\/a><\/div>\n","protected":false},"author":1,"featured_media":0,"parent":133,"menu_order":0,"comment_status":"closed","ping_status":"closed","template":"","meta":{"footnotes":""},"class_list":["post-2486","page","type-page","status-publish","hentry","ratio-natural","entry"],"_links":{"self":[{"href":"https:\/\/jonasknecht.com\/index.php?rest_route=\/wp\/v2\/pages\/2486","targetHints":{"allow":["GET"]}}],"collection":[{"href":"https:\/\/jonasknecht.com\/index.php?rest_route=\/wp\/v2\/pages"}],"about":[{"href":"https:\/\/jonasknecht.com\/index.php?rest_route=\/wp\/v2\/types\/page"}],"author":[{"embeddable":true,"href":"https:\/\/jonasknecht.com\/index.php?rest_route=\/wp\/v2\/users\/1"}],"replies":[{"embeddable":true,"href":"https:\/\/jonasknecht.com\/index.php?rest_route=%2Fwp%2Fv2%2Fcomments&post=2486"}],"version-history":[{"count":11,"href":"https:\/\/jonasknecht.com\/index.php?rest_route=\/wp\/v2\/pages\/2486\/revisions"}],"predecessor-version":[{"id":2707,"href":"https:\/\/jonasknecht.com\/index.php?rest_route=\/wp\/v2\/pages\/2486\/revisions\/2707"}],"up":[{"embeddable":true,"href":"https:\/\/jonasknecht.com\/index.php?rest_route=\/wp\/v2\/pages\/133"}],"wp:attachment":[{"href":"https:\/\/jonasknecht.com\/index.php?rest_route=%2Fwp%2Fv2%2Fmedia&parent=2486"}],"curies":[{"name":"wp","href":"https:\/\/api.w.org\/{rel}","templated":true}]}}