{"id":2524,"date":"2022-10-05T22:34:42","date_gmt":"2022-10-05T20:34:42","guid":{"rendered":"https:\/\/theater-konstellationen.net\/?page_id=2524"},"modified":"2022-10-11T16:58:25","modified_gmt":"2022-10-11T14:58:25","slug":"die-nicht-geregnet-werden","status":"publish","type":"page","link":"https:\/\/jonasknecht.com\/?page_id=2524","title":{"rendered":"Die nicht geregnet werden"},"content":{"rendered":"<h1><strong>Schauspiel von Maria Ursprung<\/strong><\/h1>\n<h2>Theater St.Gallen | Urauff\u00fchrung<\/h2>\n<p><img loading=\"lazy\" decoding=\"async\" class=\"alignleft size-full wp-image-2450\" src=\"https:\/\/theater-konstellationen.net\/wp-content\/uploads\/2022\/05\/DRAMA2022060-0268-scaled.jpg\" alt=\"\" width=\"2560\" height=\"1707\" srcset=\"https:\/\/jonasknecht.com\/wp-content\/uploads\/2022\/05\/DRAMA2022060-0268-scaled.jpg 2560w, https:\/\/jonasknecht.com\/wp-content\/uploads\/2022\/05\/DRAMA2022060-0268-845x563.jpg 845w, https:\/\/jonasknecht.com\/wp-content\/uploads\/2022\/05\/DRAMA2022060-0268-768x512.jpg 768w, https:\/\/jonasknecht.com\/wp-content\/uploads\/2022\/05\/DRAMA2022060-0268-1536x1024.jpg 1536w, https:\/\/jonasknecht.com\/wp-content\/uploads\/2022\/05\/DRAMA2022060-0268-2048x1365.jpg 2048w\" sizes=\"auto, (max-width: 2560px) 100vw, 2560px\" \/><\/p>\n<h1>Team<\/h1>\n<p>Regie: Marie Bues und Jonas Knecht<br \/>\nAusstattung: Indra Nauck<br \/>\nMusik und Sounddesign: Albrecht Ziepert<br \/>\nAssistenz und Abendspielleitung: Maren Watermann<br \/>\nChortraining und Soufflage: Dorothea Gilgen<br \/>\nSpiel: Birgit B\u00fccker, Anna Blumer, Grazia Pergoletti, Pascale Pfeuti, Anja Tobler, Tobias Graupner, Julius Schr\u00f6der<\/p>\n<p>Premiere am 25.Mai 2022, Theater St.Gallen, Lokremise<\/p>\n<h1>zum St\u00fcck<\/h1>\n<p>Schwimmbadbetreiberin Berit bekommt nach behobenem Defekt keinen Zugang zu neuem Wasser, um das Becken wieder aufzuf\u00fcllen \u2013 jedenfalls nicht f\u00fcr den Preis von fr\u00fcher. Erst h\u00e4lt sie es f\u00fcr eine Schikane, doch als die Wasserh\u00e4hne der ganzen Stadt streiken, wird ihr das Ausmass der Trockenheit bedrohlich bewusst.<br \/>\nMaria Ursprung schrieb dieses St\u00fcck als Auftragswerk im Rahmen des St\u00fcck Labors f\u00fcr das Theater St.Gallen. Sie zeichnet eine Welt, in der die Figuren die Kontrolle \u00fcber ihren Alltag verlieren, indem sie ihnen die nat\u00fcrlichste und elementarste Ressource entzieht. Wasserhandel gilt als unmoralisch, weil Wasser Leben bedeutet. Aber gibt nicht erst diese Voraussetzung den Antrieb, f\u00fcr etwas Unersetzbares einen entsprechenden Preis zu verlangen? Sie stellt dabei die Frage, ob Menschen anfangen, Wasser als endlich zu betrachten und zu sparen, wenn es seinen Preis hat \u2013 sp\u00fcrt man es in der Geldb\u00f6rse, wird es wertvoll? Muss man es sich verdienen, einen Tropfen abzubekommen?<\/p>\n<h1>Presse<\/h1>\n<p><strong>Die <a href=\"https:\/\/nachtkritik.de\/index.php?option=com_content&amp;view=article&amp;id=21055:die-nicht-geregnet-werden-theater-st-gallen-marie-bues-und-jonas-knecht-bringen-eine-dystopie-zur-wasserknappheit-auf-die-buehne&amp;catid=339&amp;Itemid=40\" target=\"_blank\" rel=\"noopener\">Nachtkritik<\/a>\u00a0(Julia Nehmiz) vom 26.5.2022 meint:<\/strong>\u00a0[\u2026] Es sind diese feinen Sprachbilder, die sich hineinbohren. Durst sei leise, hei\u00dft es einmal im St\u00fcck. Diese Sehnsucht nach Wasser, die l\u00f6st Maria Ursprung mit &#8222;Die nicht geregnet werden&#8220; aus. Sie schrieb ihr St\u00fcck w\u00e4hrend ihrer Zeit als Hausautorin am Theater St.Gallen. Dort wurde es nun uraufgef\u00fchrt. Regie f\u00fchrten der St. Galler Schauspieldirektor Jonas Knecht und Marie Bues, designierte k\u00fcnstlerische Leiterin des Schauspielhauses Wien. Ihre erste Zusammenarbeit erweist sich als stimmungsvoller, eindringlicher Abend. [\u2026] Marie Bues und Jonas Knecht setzen dies bestechend um. Erz\u00e4hlen die Geschichte mit Heiterkeit und Zartheit, die brutal wird. Ihre Inszenierung beginnt sanft. Somewhere over the Rainbow, tr\u00e4llert jemand \u2013 und die anderen Figuren l\u00e4cheln dicht gedr\u00e4ngt aus der Freibad-Umkleidekabine heraus. Aber ein Regenbogen entsteht nur, wenn es \u2013 eben \u2013 regnet. [\u2026]<\/p>\n<p><strong>Peter Surber im <a href=\"https:\/\/www.saiten.ch\/szenen-einer-katastrophe\/\" target=\"_blank\" rel=\"noopener\">Ostschweizer Kulturmagazin Saiten<\/a> sagt:<\/strong> [&#8230;] Schwere Thematik, leicht inszeniert [&#8230;]\u00a0Marie Bues und Jonas Knecht inszenieren dieses Horrorszenario mit leichter Hand. Die Schaupl\u00e4tze wechseln so rasant wie die S\u00e4tze und Satzfetzen, die sich die Spieler:innen zuwerfen oder chorisch sprechen. B\u00fchne und Kost\u00fcme (von Indra Nauck) haben Witz, die Musik (Albrecht Ziepert) treibt das Geschehen voran. Und was musikalisch im St.Galler Ensemble steckt, h\u00f6rt man nicht nur in den Radioschlagern, sondern auch im legendenumwobenen, vielstimmigen \u00abMiserere\u00bb von Allegri, das in einer Chor-Prozession fast beil\u00e4ufig gesungen wird. [&#8230;] Das St\u00fcck zeigt Menschen im Katastrophenmodus \u2013 aktueller k\u00f6nnte Theater kaum sein.<\/p>\n<p><strong>Andreas Kl\u00e4ui meint auf <a href=\"https:\/\/www.srf.ch\/audio\/kultur-kompakt\/zuercher-kunsthaus-neuanfang-oder-stillstand?id=12200792\" target=\"_blank\" rel=\"noopener\">SRF 2 Kultur<\/a> in der Sendung &#8222;Kultur kompakt&#8220;:<\/strong><br \/>\n[&#8230;] Maria Ursprung beschreibt die Katastrophe in einer einnehmend bildhaften, mit M\u00e4rchenmotiven und Symbolen angereicherten Sprache, und verkn\u00fcpft ambitionierte Erz\u00e4hlstr\u00e4nge mit lyrischen Kommentaren. In St.Gallen inszenieren Jonas Knecht und Marie Bues &#8211; musikalisch, ebenfalls sehr anschaulich und mit Sinn f\u00fcr den Humor, der sich auch im Text versteckt. Auch die Inszenierung zeigt sich mehr m\u00e4rchenhaft als diskursiv, gleichwohl mit wachem Blick. Die Krise k\u00fcndigt sich an, wir m\u00fcssen sie nur erkennen. [&#8230;]<\/p>\n<h1>Trailer<\/h1>\n<p><iframe loading=\"lazy\" title=\"Theater St.Gallen \/ Trailer \u00abDie nicht geregnet werden\u00bb (Maria Ursprung)\" src=\"https:\/\/player.vimeo.com\/video\/716309222?dnt=1&amp;app_id=122963\" width=\"500\" height=\"281\" frameborder=\"0\" allow=\"autoplay; fullscreen; picture-in-picture; clipboard-write\"><\/iframe><\/p>\n<p><span style=\"color: #ffffff;\">.<\/span><\/p>\n<p><span style=\"color: #ffffff;\">.<\/span><\/p>\n","protected":false},"excerpt":{"rendered":"<p>Schauspiel von Maria Ursprung Theater St.Gallen | Urauff\u00fchrung Team Regie: Marie Bues und Jonas Knecht Ausstattung: Indra Nauck Musik und Sounddesign: Albrecht Ziepert Assistenz und&#8230;<\/p>\n<div class=\"more-link-wrapper\"><a class=\"more-link\" href=\"https:\/\/jonasknecht.com\/?page_id=2524\">Weiterlesen<span class=\"screen-reader-text\">Die nicht geregnet werden<\/span><\/a><\/div>\n","protected":false},"author":1,"featured_media":0,"parent":133,"menu_order":0,"comment_status":"closed","ping_status":"closed","template":"","meta":{"footnotes":""},"class_list":["post-2524","page","type-page","status-publish","hentry","ratio-natural","entry"],"_links":{"self":[{"href":"https:\/\/jonasknecht.com\/index.php?rest_route=\/wp\/v2\/pages\/2524","targetHints":{"allow":["GET"]}}],"collection":[{"href":"https:\/\/jonasknecht.com\/index.php?rest_route=\/wp\/v2\/pages"}],"about":[{"href":"https:\/\/jonasknecht.com\/index.php?rest_route=\/wp\/v2\/types\/page"}],"author":[{"embeddable":true,"href":"https:\/\/jonasknecht.com\/index.php?rest_route=\/wp\/v2\/users\/1"}],"replies":[{"embeddable":true,"href":"https:\/\/jonasknecht.com\/index.php?rest_route=%2Fwp%2Fv2%2Fcomments&post=2524"}],"version-history":[{"count":10,"href":"https:\/\/jonasknecht.com\/index.php?rest_route=\/wp\/v2\/pages\/2524\/revisions"}],"predecessor-version":[{"id":2646,"href":"https:\/\/jonasknecht.com\/index.php?rest_route=\/wp\/v2\/pages\/2524\/revisions\/2646"}],"up":[{"embeddable":true,"href":"https:\/\/jonasknecht.com\/index.php?rest_route=\/wp\/v2\/pages\/133"}],"wp:attachment":[{"href":"https:\/\/jonasknecht.com\/index.php?rest_route=%2Fwp%2Fv2%2Fmedia&parent=2524"}],"curies":[{"name":"wp","href":"https:\/\/api.w.org\/{rel}","templated":true}]}}