{"id":2534,"date":"2022-10-05T22:51:42","date_gmt":"2022-10-05T20:51:42","guid":{"rendered":"https:\/\/theater-konstellationen.net\/?page_id=2534"},"modified":"2023-02-03T14:36:17","modified_gmt":"2023-02-03T13:36:17","slug":"die-laecherliche-finsternis","status":"publish","type":"page","link":"https:\/\/jonasknecht.com\/?page_id=2534","title":{"rendered":"Die l\u00e4cherliche Finsternis"},"content":{"rendered":"<h1><strong>Szenisches Konzert nach einem H\u00f6rspieltext von Wolfram Lotz f\u00fcr sechs Schauspieler_innen und drei Musiker<\/strong><\/h1>\n<h2>Theater St.Gallen | Lokremise<\/h2>\n<p><span style=\"color: #800080;\"><strong>\u00abDie l\u00e4cherliche Finsternis\u00bb stand auf der Shortlist des Schweizer Theatertreffens 2021.<\/strong><\/span><\/p>\n<p><span style=\"color: #000000;\">\n\t\t<!-- MasterSlider -->\n\t\t<div id=\"P_MS61557938b021e\" class=\"master-slider-parent ms-parent-id-21\" style=\"\" >\n\n\t\t\t\n\t\t\t<!-- MasterSlider Main -->\n\t\t\t<div id=\"MS61557938b021e\" class=\"master-slider ms-skin-default\" >\n\t\t\t\t \t\t\t\t \n\n\t\t\t<div  class=\"ms-slide\" data-delay=\"3\" data-fill-mode=\"fill\"   >\n\t\t\t\t\t<img decoding=\"async\" src=\"https:\/\/theater-konstellationen.net\/wp-content\/plugins\/masterslider\/public\/assets\/css\/blank.gif\" alt=\"\" title=\"DRAMA2020075-0164\" data-src=\"https:\/\/theater-konstellationen.net\/wp-content\/uploads\/2020\/12\/DRAMA2020075-0164-scaled.jpeg\" \/>\n\n\n\t\t\t\t<\/div>\n\t\t\t<div  class=\"ms-slide\" data-delay=\"3\" data-fill-mode=\"fill\"   >\n\t\t\t\t\t<img decoding=\"async\" src=\"https:\/\/theater-konstellationen.net\/wp-content\/plugins\/masterslider\/public\/assets\/css\/blank.gif\" alt=\"\" title=\"DRAMA2020075-0242\" data-src=\"https:\/\/theater-konstellationen.net\/wp-content\/uploads\/2020\/12\/DRAMA2020075-0242-scaled.jpeg\" \/>\n\n\n\t\t\t\t<\/div>\n\t\t\t<div  class=\"ms-slide\" data-delay=\"3\" data-fill-mode=\"fill\"   >\n\t\t\t\t\t<img decoding=\"async\" src=\"https:\/\/theater-konstellationen.net\/wp-content\/plugins\/masterslider\/public\/assets\/css\/blank.gif\" alt=\"\" title=\"DRAMA2020075-0122\" data-src=\"https:\/\/theater-konstellationen.net\/wp-content\/uploads\/2020\/12\/DRAMA2020075-0122-scaled.jpeg\" \/>\n\n\n\t\t\t\t<\/div>\n\t\t\t<div  class=\"ms-slide\" data-delay=\"3\" data-fill-mode=\"fit\"   >\n\t\t\t\t\t<img decoding=\"async\" src=\"https:\/\/theater-konstellationen.net\/wp-content\/plugins\/masterslider\/public\/assets\/css\/blank.gif\" alt=\"\" title=\"DRAMA2020075-0026\" data-src=\"https:\/\/theater-konstellationen.net\/wp-content\/uploads\/2020\/12\/DRAMA2020075-0026-scaled.jpeg\" \/>\n\n\n\t\t\t\t<\/div>\n\t\t\t<div  class=\"ms-slide\" data-delay=\"3\" data-fill-mode=\"fit\"   >\n\t\t\t\t\t<img decoding=\"async\" src=\"https:\/\/theater-konstellationen.net\/wp-content\/plugins\/masterslider\/public\/assets\/css\/blank.gif\" alt=\"\" title=\"DRAMA2020075-0090\" data-src=\"https:\/\/theater-konstellationen.net\/wp-content\/uploads\/2020\/12\/DRAMA2020075-0090-scaled.jpeg\" \/>\n\n\n\t\t\t\t<\/div>\n\t\t\t<div  class=\"ms-slide\" data-delay=\"3\" data-fill-mode=\"fit\"   >\n\t\t\t\t\t<img decoding=\"async\" src=\"https:\/\/theater-konstellationen.net\/wp-content\/plugins\/masterslider\/public\/assets\/css\/blank.gif\" alt=\"\" title=\"DRAMA2020075-0293\" data-src=\"https:\/\/theater-konstellationen.net\/wp-content\/uploads\/2020\/12\/DRAMA2020075-0293-scaled.jpeg\" \/>\n\n\n\t\t\t\t<\/div>\n\t\t\t<div  class=\"ms-slide\" data-delay=\"3\" data-fill-mode=\"fill\"   >\n\t\t\t\t\t<img decoding=\"async\" src=\"https:\/\/theater-konstellationen.net\/wp-content\/plugins\/masterslider\/public\/assets\/css\/blank.gif\" alt=\"\" title=\"DRAMA2020075-0069\" data-src=\"https:\/\/theater-konstellationen.net\/wp-content\/uploads\/2020\/12\/DRAMA2020075-0069-scaled.jpeg\" \/>\n\n\n\t\t\t\t<\/div>\n\t\t\t<div  class=\"ms-slide\" data-delay=\"3\" data-fill-mode=\"fit\"   >\n\t\t\t\t\t<img decoding=\"async\" src=\"https:\/\/theater-konstellationen.net\/wp-content\/plugins\/masterslider\/public\/assets\/css\/blank.gif\" alt=\"\" title=\"DRAMA2020075-0263\" data-src=\"https:\/\/theater-konstellationen.net\/wp-content\/uploads\/2020\/12\/DRAMA2020075-0263-scaled.jpeg\" \/>\n\n\n\t\t\t\t<\/div>\n\t\t\t<div  class=\"ms-slide\" data-delay=\"3\" data-fill-mode=\"fit\"   >\n\t\t\t\t\t<img decoding=\"async\" src=\"https:\/\/theater-konstellationen.net\/wp-content\/plugins\/masterslider\/public\/assets\/css\/blank.gif\" alt=\"\" title=\"DRAMA2020075-0232\" data-src=\"https:\/\/theater-konstellationen.net\/wp-content\/uploads\/2020\/12\/DRAMA2020075-0232-scaled.jpeg\" \/>\n\n\n\t\t\t\t<\/div>\n\t\t\t<div  class=\"ms-slide\" data-delay=\"3\" data-fill-mode=\"fill\"   >\n\t\t\t\t\t<img decoding=\"async\" src=\"https:\/\/theater-konstellationen.net\/wp-content\/plugins\/masterslider\/public\/assets\/css\/blank.gif\" alt=\"\" title=\"DRAMA2020075-0225\" data-src=\"https:\/\/theater-konstellationen.net\/wp-content\/uploads\/2020\/12\/DRAMA2020075-0225-scaled.jpeg\" \/>\n\n\n\t\t\t\t<\/div>\n\t\t\t<div  class=\"ms-slide\" data-delay=\"3\" data-fill-mode=\"fit\"   >\n\t\t\t\t\t<img decoding=\"async\" src=\"https:\/\/theater-konstellationen.net\/wp-content\/plugins\/masterslider\/public\/assets\/css\/blank.gif\" alt=\"\" title=\"DRAMA2020075-0204\" data-src=\"https:\/\/theater-konstellationen.net\/wp-content\/uploads\/2020\/12\/DRAMA2020075-0204-scaled.jpeg\" \/>\n\n\n\t\t\t\t<\/div>\n\t\t\t<div  class=\"ms-slide\" data-delay=\"3\" data-fill-mode=\"fill\"   >\n\t\t\t\t\t<img decoding=\"async\" src=\"https:\/\/theater-konstellationen.net\/wp-content\/plugins\/masterslider\/public\/assets\/css\/blank.gif\" alt=\"\" title=\"DRAMA2020075-0158\" data-src=\"https:\/\/theater-konstellationen.net\/wp-content\/uploads\/2020\/12\/DRAMA2020075-0158-scaled.jpeg\" \/>\n\n\n\t\t\t\t<\/div>\n\t\t\t<div  class=\"ms-slide\" data-delay=\"3\" data-fill-mode=\"fit\"   >\n\t\t\t\t\t<img decoding=\"async\" src=\"https:\/\/theater-konstellationen.net\/wp-content\/plugins\/masterslider\/public\/assets\/css\/blank.gif\" alt=\"\" title=\"DRAMA2020075-0156\" data-src=\"https:\/\/theater-konstellationen.net\/wp-content\/uploads\/2020\/12\/DRAMA2020075-0156-scaled.jpeg\" \/>\n\n\n\t\t\t\t<\/div>\n\t\t\t<div  class=\"ms-slide\" data-delay=\"3\" data-fill-mode=\"fit\"   >\n\t\t\t\t\t<img decoding=\"async\" src=\"https:\/\/theater-konstellationen.net\/wp-content\/plugins\/masterslider\/public\/assets\/css\/blank.gif\" alt=\"\" title=\"DRAMA2020075-0130\" data-src=\"https:\/\/theater-konstellationen.net\/wp-content\/uploads\/2020\/12\/DRAMA2020075-0130-scaled.jpeg\" \/>\n\n\n\t\t\t\t<\/div>\n\t\t\t<div  class=\"ms-slide\" data-delay=\"3\" data-fill-mode=\"fit\"   >\n\t\t\t\t\t<img decoding=\"async\" src=\"https:\/\/theater-konstellationen.net\/wp-content\/plugins\/masterslider\/public\/assets\/css\/blank.gif\" alt=\"\" title=\"DRAMA2020075-0082\" data-src=\"https:\/\/theater-konstellationen.net\/wp-content\/uploads\/2020\/12\/DRAMA2020075-0082-scaled.jpeg\" \/>\n\n\n\t\t\t\t<\/div>\n\t\t\t<div  class=\"ms-slide\" data-delay=\"3\" data-fill-mode=\"fit\"   >\n\t\t\t\t\t<img decoding=\"async\" src=\"https:\/\/theater-konstellationen.net\/wp-content\/plugins\/masterslider\/public\/assets\/css\/blank.gif\" alt=\"\" title=\"DRAMA2020075-0005\" data-src=\"https:\/\/theater-konstellationen.net\/wp-content\/uploads\/2020\/12\/DRAMA2020075-0005-scaled.jpeg\" \/>\n\n\n\t\t\t\t<\/div>\n\n\t\t\t<\/div>\n\t\t\t<!-- END MasterSlider Main -->\n\n\t\t\t \n\t\t<\/div>\n\t\t<!-- END MasterSlider -->\n\n\t\t<script>\n\t\t( window.MSReady = window.MSReady || [] ).push( function( $ ) {\n\n\t\t\t\"use strict\";\n\t\t\tvar masterslider_021e = new MasterSlider();\n\n\t\t\t\/\/ slider controls\n\t\t\tmasterslider_021e.control('arrows'     ,{ autohide:true, overVideo:true  });\n\t\t\t\/\/ slider setup\n\t\t\tmasterslider_021e.setup(\"MS61557938b021e\", {\n\t\t\t\twidth           : 900,\n\t\t\t\theight          : 620,\n\t\t\t\tminHeight       : 0,\n\t\t\t\tspace           : 0,\n\t\t\t\tstart           : 1,\n\t\t\t\tgrabCursor      : false,\n\t\t\t\tswipe           : true,\n\t\t\t\tmouse           : true,\n\t\t\t\tkeyboard        : false,\n\t\t\t\tlayout          : \"fillwidth\",\n\t\t\t\twheel           : false,\n\t\t\t\tautoplay        : false,\n                instantStartLayers:false,\n\t\t\t\tmobileBGVideo:false,\n\t\t\t\tloop            : true,\n\t\t\t\tshuffle         : false,\n\t\t\t\tpreload         : 0,\n\t\t\t\theightLimit     : true,\n\t\t\t\tautoHeight      : false,\n\t\t\t\tsmoothHeight    : true,\n\t\t\t\tendPause        : false,\n\t\t\t\toverPause       : true,\n\t\t\t\tfillMode        : \"fill\",\n\t\t\t\tcenterControls  : true,\n\t\t\t\tstartOnAppear   : false,\n\t\t\t\tlayersMode      : \"center\",\n\t\t\t\tautofillTarget  : \"\",\n\t\t\t\thideLayers      : false,\n\t\t\t\tfullscreenMargin: 0,\n\t\t\t\tspeed           : 15,\n\t\t\t\tdir             : \"h\",\n\t\t\t\tresponsive      : true,\n\t\t\t\ttabletWidth     : 768,\n\t\t\t\ttabletHeight    : null,\n\t\t\t\tphoneWidth      : 480,\n\t\t\t\tphoneHeight    : null,\n\t\t\t\tsizingReference : window,\n\t\t\t\tparallaxMode    : 'swipe',\n\t\t\t\tview            : \"basic\"\n\t\t\t});\n\n\t\t\t\n\t\t\twindow.masterslider_instances = window.masterslider_instances || [];\n\t\t\twindow.masterslider_instances.push( masterslider_021e );\n\t\t});\n\t\t<\/script>\n\n \u00a9 Fotos: Iko Freese \/ drama-berlin.de<\/span><\/p>\n<h1><strong>Team<\/strong><\/h1>\n<p>Regie: Jonas Knecht<br \/>\nAusstattung: <a href=\"https:\/\/www.markuskarner.com\" target=\"_blank\" rel=\"noopener\">Markus Karner<\/a><br \/>\nDramaturgie: Stefan Sp\u00e4ti<br \/>\nSounddesign: <a href=\"https:\/\/albrechtziepert.com\" target=\"_blank\" rel=\"noopener\">Albrecht Ziepert<\/a><br \/>\nLive-Musik: <a href=\"https:\/\/andipeter.ch\" target=\"_blank\" rel=\"noopener\">Andi Peter<\/a>, Martin Fl\u00fcge, <a href=\"https:\/\/nicofeer.ch\" target=\"_blank\" rel=\"noopener\">Nico Feer<\/a><br \/>\nAssistenz und Abendspielleitung: Anja Sch\u00f6nwald, Jonas Bernetta<br \/>\nSoufflage: Birgit Limmer<\/p>\n<p>Spiel: Anna Blumer, Birgit B\u00fccker, Jeanne Le Moign, Anja Tobler, Moritz B\u00fcrge, Fabian M\u00fcller<\/p>\n<p>Premiere war am 9.12.2020 und WA-Premiere am 18.12.2021<\/p>\n<h1><strong>Presse<\/strong><\/h1>\n<p><strong>Daniele Muscionico meint in der\u00a0<\/strong><strong><a href=\"https:\/\/theater-konstellationen.net\/wp-content\/uploads\/2020\/12\/4_141220_MZZ_Die-laecherliche-Finsternis_Kritik.pdf\">NZZ vom 14.12.2020<\/a>:<\/strong><br \/>\n[&#8230;] Drumpads, Loop- und Effektger\u00e4te sind die Urheber, aber auch einfache Dosen, L\u00f6ffel und Pinsel. Damit schaffen B\u00fchnenmusiker phantastische Live-Klang-Landschaften, Erlebnisr\u00e4ume und die Intensit\u00e4t einer Kopfreise \u00fcber alle Zeit-\u00a0und Geografiegrenzen: \u00abDie l\u00e4cherliche Finsternis\u00bb nach Wolfram Lotz ist die letzte Premiere dieses strapazierten und strapazi\u00f6sen Theaterjahres. Sie wird in St.Gallen im Sounddesign von Albrecht Ziepert zur szenisch-akustischen Geisterbahnfahrt und zu einer Safari ins eigene K\u00f6rperinnere. Theater ist, was es am Theater St.Gallen ist: eine Reise in die eigene Phantasie \u2013 von der man nicht mehr heimkehren m\u00f6chte.<br \/>\nDies m\u00f6glich machen der Schauspieldirektor Jonas Knecht und ein hochmotiviertes Ensemble. Just am Tage vor dem Lockdown, der seit Samstag auch f\u00fcr Schweizer B\u00fchnen gilt, gl\u00fcckt ihm und seiner Truppe zur verordneten Spielpause ein szenisches Konzert, ein Abschied vor der grossen Stille, der in seiner Sch\u00f6nheit beinahe schmerzhaft ist. Der B\u00fchnenbildner Markus Karner hat eine Art von \u00fcberzeitlich trostlosem Fl\u00fcchtlingslager, ein Ruinen-Provisorium gebaut, und das Ensemble spielt in Mehrfachrollen leicht und leidenschaftlich auch f\u00fcr nur 50 Zuschauer. [&#8230;]<br \/>\nKnechts verinnerlichte und hoch-poetische Lesart zeigt auf eine stupende Weise, wie Menschen Unbekanntes zu bannen versuchen. Hier ist es die Natur, das sogenannte Wilde: mithilfe von Einbildung und Wahn n\u00e4mlich. Diesem Anderen, Bedrohlichen heute \u00abCovid\u00bb zu sagen, liegt nahe. Doch Theater muss das Fremde nicht benennen. Es hat daf\u00fcr einen simplen Begriff bereit \u2013 die Kraft unserer Imagination.<\/p>\n<p><strong style=\"font-size: 1.0625em;\">Peter Surber sieht im\u00a0<a href=\"https:\/\/www.saiten.ch\/zwischentoene-gegen-den-krieg\/\" target=\"_blank\" rel=\"noopener\">Ostschweizer Kulturmagazin Saiten<\/a>\u00a0unsere Inszenierung so:<br \/>\n<\/strong><span style=\"font-size: 1.0625em;\">[&#8230;] In Lotz\u2019 Welt ist Krieg \u2013 in den K\u00f6pfen, in den Geschichten, im m\u00f6rderischen Zusammenprall von Tragischem und Trivialem. In der St.Galler Inszenierung gewinnen aber die Zwischent\u00f6ne diesen Krieg. Weite Strecken des St\u00fccks h\u00f6rt man sich \u00fcber Kopfh\u00f6rer an. Subtilste Stimmschwankungen, Fl\u00fcstern und Beben werden so h\u00f6rbar in einer Transparenz, wie sie auf der B\u00fchne nie zu erreichen ist. Die Inszenierung feiert die Stimme in ihrer Sinnlichkeit und Poesie \u2013 und erst noch aerosolfrei.<br \/>\n<\/span><span style=\"font-size: 1.0625em;\">Die urwaldig wuchernde Ger\u00e4uschkulisse dazu kommt von den drei Musikern Nico Feer, Martin Fl\u00fcge und Andi Peter. Ihr Instrumentarium ist von der E-Gitarre bis zur Bohrmaschine ein unersch\u00f6pfliches Arsenal an Materialien zur Weckung der Klangfantasie und zur Befreiung der Ohrg\u00e4nge vor dem Geschrei der Vereinfacher allenthalben.<br \/>\n<\/span><span style=\"font-size: 1.0625em;\">Das Leitungsteam, Regisseur Jonas Knecht, Ausstatter Markus Karner und Sounddesigner Albrecht Ziepert, arbeitet mit Materialien des \u00abarmen Theaters\u00bb, aber zugleich mit einer F\u00fclle an technischen Raffinessen und Einf\u00e4llen. Es setzt das Publikum selber der wachsenden Nebligkeit und Bedrohlichkeit dieses surrealen Trips aus, bis dieser f\u00fcr Momente \u00abauf entsetzlichste Weise real\u00bb wird \u2013 bevor uns dann der n\u00e4chste Schlenker des Autors wieder ins banale Hier und Jetzt zur\u00fcckholt. [&#8230;]<\/span><\/p>\n<p><strong>Brigitte Schmid-Gugler schreibt im M\u00e4rz-Heft 2021 von\u00a0<a href=\"https:\/\/theater-konstellationen.net\/wp-content\/uploads\/2021\/02\/theater_der_zeit_maerz2021.pdf\" target=\"_blank\" rel=\"noopener\">Theater der Zeit<\/a>:<\/strong><br \/>\n[&#8230;] Gerade noch gelingt inmitten dieser sonderbar viralen Ungem\u00fctlichkeit ein Streich der Superlative. Und richtiggehend verkl\u00e4rt verl\u00e4sst man den wunderbaren Theaterraum, schwankend, ein bisschen wie in einem Boot. Oder in einem Kanu, wie es \u2013 purpurrot \u2013 auf der B\u00fchne steht, dann wieder liegt und nicht nur als Requisit an den Ostschweizer K\u00fcnstler Roman Signer erinnert: Auch er ist einer wie Lotz, ein humoriger Melancholiker, der gern im Wasser mit dem Feuer der Unw\u00e4g\u00adbarkeit spielt.<br \/>\nSo darf also Theater sein: so beh\u00e4nde an den Rissen, den Verwerfungen entlang inszeniert, dass die Harmlosigkeit von selbst das Weite sucht. Das von Wolfram Lotz urspr\u00fcnglich als H\u00f6rspiel angelegte St\u00fcck ist hier in einer Mischform aus Musik- und Sprechtheater zu erleben; l\u00e4ngere Passagen sind \u00fcber Kopfh\u00f6rer zu h\u00f6ren. Das Wechselspiel von sehendem H\u00f6ren und h\u00f6rendem Sehen zieht die Sinne in einen Wahnstrudel; man scheint selbst Teil dessen zu sein, was sich dort im \u00fcberhitzten Niemandsland ereignet. [&#8230;]<br \/>\nIn Lotz\u2019 Text gibt es nur m\u00e4nnliche \u00adRollen; Knecht besetzt, wie es seinerzeit auch an der Wiener Burg der Fall gewesen ist, die meisten mit Frauen. Die Mitglieder des \u00adDamenensembles zeichnen die \u201eZerw\u00fcrfnisse\u201c in den M\u00e4nnerk\u00f6pfen menschlich-\u00adironisch. B\u00fchnenbildner Markus Karner hat ihnen eine Art Weltbaustelle aus Holzverschl\u00e4gen gezimmert. Und wo vermeintliche Gewissheiten derart d\u00fcrftig verschraubt sind, kann auch hinter einer Plastikfolie der Wahnsinn lauern. Solide gebaut sind einzig die Podeste f\u00fcr die drei Live-Musiker. In den Sound von harten Riffs und weich Geklimpertem mischt sich noch die Stimme des Autors, der in seiner Vorlage genau das beschreibt, was hier geschieht: Alles Lineare ist aufgebrochen, ausgetrickst. Die Bilder h\u00e4ngen falsch herum. Es gibt keinen Plan, denn alles wartet darauf, sich in einer Endlosschleife zu wiederholen. Lotz l\u00e4dt ein zu Um- und Weiterschreibungen. Jonas Knecht, l\u00e4ngst bekannt und viel gelobt f\u00fcr seine Live-H\u00f6rspiel-Produktionen, nimmt die Aufforderung w\u00f6rtlich. Die Setzungen tragen seine schn\u00f6rkellose Handschrift, es ist eine mit feinem Gesp\u00fcr f\u00fcr Nuancen, Gesten und f\u00fcr Wolfram Lotz\u2019 k\u00fcnstlerischen Fatalismus.<\/p>\n<div dir=\"auto\"><strong>Das\u00a0<a href=\"https:\/\/theater-konstellationen.net\/wp-content\/uploads\/2020\/12\/9_101220_Tagblatt-online_Die-laecherliche-Finsternis_Kritik.pdf\" target=\"_blank\" rel=\"noopener\">St.Galler Tagblatt<\/a>\u00a0(Bettina Kugler) berichtet am 10.12.2020:<\/strong><\/div>\n<div dir=\"auto\">[&#8230;] Mag es auch manchmal laut werden, etwa beim Buschgottesdienst von Reverend Lyle Carter (Anja Tobler), zu dem die quer im Saal verstreuten Livemusiker Nico Feer, Martin Fl\u00fcge und Andi Peter saftig zupacken: Das Geh\u00f6r ist ansonsten eher auf feinste Zwischent\u00f6ne und St\u00f6rger\u00e4usche eingestellt \u2013 wie auf einer Expedition in dunkles, unbekanntes Gel\u00e4nde. Kaum setzt man als Zuschauerin die Kopfh\u00f6rer auf, bekommt die sich dauernd entziehende, abschweifende Geschichte einen geheimnisvollen Sog; die Stimmen nisten sich fast obsessiv im Ohr ein. [&#8230;]<br \/>\n<span style=\"color: #ffffff;\">.<\/span><\/div>\n<h1><strong>Trailer<\/strong><\/h1>\n<p><iframe loading=\"lazy\" title=\"Theater St.Gallen \/ Die L\u00e4cherliche Finsternis (Wolfram Lotz) \/ Trailer\" src=\"https:\/\/player.vimeo.com\/video\/490749839?dnt=1&amp;app_id=122963\" width=\"500\" height=\"281\" frameborder=\"0\" allow=\"autoplay; fullscreen; picture-in-picture; clipboard-write\"><\/iframe><\/p>\n","protected":false},"excerpt":{"rendered":"<p>Szenisches Konzert nach einem H\u00f6rspieltext von Wolfram Lotz f\u00fcr sechs Schauspieler_innen und drei Musiker Theater St.Gallen | Lokremise \u00abDie l\u00e4cherliche Finsternis\u00bb stand auf der Shortlist&#8230;<\/p>\n<div class=\"more-link-wrapper\"><a class=\"more-link\" href=\"https:\/\/jonasknecht.com\/?page_id=2534\">Weiterlesen<span class=\"screen-reader-text\">Die l\u00e4cherliche Finsternis<\/span><\/a><\/div>\n","protected":false},"author":1,"featured_media":0,"parent":133,"menu_order":0,"comment_status":"closed","ping_status":"closed","template":"","meta":{"footnotes":""},"class_list":["post-2534","page","type-page","status-publish","hentry","ratio-natural","entry"],"_links":{"self":[{"href":"https:\/\/jonasknecht.com\/index.php?rest_route=\/wp\/v2\/pages\/2534","targetHints":{"allow":["GET"]}}],"collection":[{"href":"https:\/\/jonasknecht.com\/index.php?rest_route=\/wp\/v2\/pages"}],"about":[{"href":"https:\/\/jonasknecht.com\/index.php?rest_route=\/wp\/v2\/types\/page"}],"author":[{"embeddable":true,"href":"https:\/\/jonasknecht.com\/index.php?rest_route=\/wp\/v2\/users\/1"}],"replies":[{"embeddable":true,"href":"https:\/\/jonasknecht.com\/index.php?rest_route=%2Fwp%2Fv2%2Fcomments&post=2534"}],"version-history":[{"count":10,"href":"https:\/\/jonasknecht.com\/index.php?rest_route=\/wp\/v2\/pages\/2534\/revisions"}],"predecessor-version":[{"id":2751,"href":"https:\/\/jonasknecht.com\/index.php?rest_route=\/wp\/v2\/pages\/2534\/revisions\/2751"}],"up":[{"embeddable":true,"href":"https:\/\/jonasknecht.com\/index.php?rest_route=\/wp\/v2\/pages\/133"}],"wp:attachment":[{"href":"https:\/\/jonasknecht.com\/index.php?rest_route=%2Fwp%2Fv2%2Fmedia&parent=2534"}],"curies":[{"name":"wp","href":"https:\/\/api.w.org\/{rel}","templated":true}]}}