{"id":688,"date":"2017-10-29T21:43:34","date_gmt":"2017-10-29T20:43:34","guid":{"rendered":"http:\/\/theaterkonstellationen.ch\/?page_id=688"},"modified":"2018-10-29T01:27:23","modified_gmt":"2018-10-29T00:27:23","slug":"willkommen-in-der-tyrannei-meiner-intimitaet","status":"publish","type":"page","link":"https:\/\/jonasknecht.com\/?page_id=688","title":{"rendered":"willkommen in der tyrannei meiner intimit\u00e4t"},"content":{"rendered":"<h1>von Beatrice Fleischlin<\/h1>\n<h2>Aufzug N\u00b01 aus\u00a0\u00abMENSCH! \u2013 EIN SHOWBUSINESS IN MEHREREN AUFZ\u00dcGEN\u00bb<br \/>\ntheater konstellationen | Urauff\u00fchrung<\/h2>\n<p>Beatrice Fleischlin (Performerin \/ Autorin) und Jonas Knecht (Regisseur) sind die Initiatoren von\u00a0<strong>\u00abmensch! &#8211; Ein Showbusiness in mehreren Aufz\u00fcgen\u00bb<\/strong>, einem l\u00e4ngerfristigen Nachdenken \u00fcber das Existentielle in der heutigen\u00a0Wettbewerbsgesellschaft. theater konstellationen produziert dieses Projekt.<\/p>\n<p>In\u00a0<strong>\u00abwillkommen in der tyrannei meiner intimit\u00e4t<\/strong><strong>\u00bb\u00a0<\/strong>schicken wir\u00a0zwei Figuren auf die B\u00fchne, die ihrem eigenen Narzissmus auf die Spur kommen. Wie die Kamera in einer Tierdoku jede Regung des L\u00f6wenrudels registriert, f\u00fchrt \u00bbwillkommen in der tyrannei meiner intimit\u00e4t\u00ab durch verschiedene Stadien einer zu Beginn unm\u00f6glich erscheinenden Begegnung: Abrenzung, Verachtung, Ignoranz, aufkeimende Neugier, Zur\u00fcckschrecken, Agression, Verzweiflung \u2013 bis hin zu einer Lebensm\u00f6glichkeit in \u2013 man wagt es kaum zu sagen \u2013 Liebe?<br \/>\nVielleicht ist \u00bbwillkommen in der tyrannei meiner intimit\u00e4t\u00ab eine Liebeserkl\u00e4rung an eine Form von Existenz, die mehr auf Kooperation als auf Revierverteidigung aufbaut.<\/p>\n\n\t\t<!-- MasterSlider -->\n\t\t<div id=\"P_MS5bd653b5f3f97\" class=\"master-slider-parent ms-parent-id-9\"  >\n\n\t\t\t\n\t\t\t<!-- MasterSlider Main -->\n\t\t\t<div id=\"MS5bd653b5f3f97\" class=\"master-slider ms-skin-default\" >\n\t\t\t\t \t\t\t\t \n\n\t\t\t<div  class=\"ms-slide\" data-delay=\"3\" data-fill-mode=\"fit\"   >\n\t\t\t\t\t<img decoding=\"async\" src=\"http:\/\/theaterkonstellationen.ch\/wp-content\/plugins\/masterslider\/public\/assets\/css\/blank.gif\" alt=\"St. Gallen - Mensch Theaterauff\u00fchrung theater Konstellationen in einem Markth\u00e4uschen Markplatz\" title=\"St. Gallen - Mensch Theaterauff\u00fchrung theater Konstellationen in einem Markth\u00e4uschen Markplatz\" data-src=\"http:\/\/theaterkonstellationen.ch\/wp-content\/uploads\/2017\/10\/h\u00e4uschen_offen_web.jpg\" \/>\n\n\n\t\t\t\t<\/div>\n\t\t\t<div  class=\"ms-slide\" data-delay=\"3\" data-fill-mode=\"fit\"   >\n\t\t\t\t\t<img decoding=\"async\" src=\"http:\/\/theaterkonstellationen.ch\/wp-content\/plugins\/masterslider\/public\/assets\/css\/blank.gif\" alt=\"\" title=\"foto_sabine_fussg\u00e4ngerstreifen\" data-src=\"http:\/\/theaterkonstellationen.ch\/wp-content\/uploads\/2017\/10\/foto_sabine_fussg\u00e4ngerstreifen.jpg\" \/>\n\n\n\t\t\t\t<\/div>\n\t\t\t<div  class=\"ms-slide\" data-delay=\"3\" data-fill-mode=\"fit\"   >\n\t\t\t\t\t<img decoding=\"async\" src=\"http:\/\/theaterkonstellationen.ch\/wp-content\/plugins\/masterslider\/public\/assets\/css\/blank.gif\" alt=\"St. Gallen - Mensch Theaterauff\u00fchrung theater Konstellationen in einem Markth\u00e4uschen Markplatz\" title=\"St. Gallen - Mensch Theaterauff\u00fchrung theater Konstellationen in einem Markth\u00e4uschen Markplatz\" data-src=\"http:\/\/theaterkonstellationen.ch\/wp-content\/uploads\/2017\/10\/beide_web.jpg\" \/>\n\n\n\t\t\t\t<\/div>\n\t\t\t<div  class=\"ms-slide\" data-delay=\"3\" data-fill-mode=\"fit\"   >\n\t\t\t\t\t<img decoding=\"async\" src=\"http:\/\/theaterkonstellationen.ch\/wp-content\/plugins\/masterslider\/public\/assets\/css\/blank.gif\" alt=\"St. Gallen - Mensch Theaterauff\u00fchrung theater Konstellationen in einem Markth\u00e4uschen Markplatz\" title=\"St. Gallen - Mensch Theaterauff\u00fchrung theater Konstellationen in einem Markth\u00e4uschen Markplatz\" data-src=\"http:\/\/theaterkonstellationen.ch\/wp-content\/uploads\/2017\/10\/axel_web.jpg\" \/>\n\n\n\t\t\t\t<\/div>\n\t\t\t<div  class=\"ms-slide\" data-delay=\"3\" data-fill-mode=\"fit\"   >\n\t\t\t\t\t<img decoding=\"async\" src=\"http:\/\/theaterkonstellationen.ch\/wp-content\/plugins\/masterslider\/public\/assets\/css\/blank.gif\" alt=\"\" title=\"_MG_8361\" data-src=\"http:\/\/theaterkonstellationen.ch\/wp-content\/uploads\/2017\/10\/MG_8361.jpg\" \/>\n\n\n\t\t\t\t<\/div>\n\t\t\t<div  class=\"ms-slide\" data-delay=\"3\" data-fill-mode=\"fit\"   >\n\t\t\t\t\t<img decoding=\"async\" src=\"http:\/\/theaterkonstellationen.ch\/wp-content\/plugins\/masterslider\/public\/assets\/css\/blank.gif\" alt=\"\" title=\"_MG_8356\" data-src=\"http:\/\/theaterkonstellationen.ch\/wp-content\/uploads\/2017\/10\/MG_8356.jpg\" \/>\n\n\n\t\t\t\t<\/div>\n\t\t\t<div  class=\"ms-slide\" data-delay=\"3\" data-fill-mode=\"fit\"   >\n\t\t\t\t\t<img decoding=\"async\" src=\"http:\/\/theaterkonstellationen.ch\/wp-content\/plugins\/masterslider\/public\/assets\/css\/blank.gif\" alt=\"\" title=\"_MG_8352\" data-src=\"http:\/\/theaterkonstellationen.ch\/wp-content\/uploads\/2017\/10\/MG_8352.jpg\" \/>\n\n\n\t\t\t\t<\/div>\n\t\t\t<div  class=\"ms-slide\" data-delay=\"3\" data-fill-mode=\"fit\"   >\n\t\t\t\t\t<img decoding=\"async\" src=\"http:\/\/theaterkonstellationen.ch\/wp-content\/plugins\/masterslider\/public\/assets\/css\/blank.gif\" alt=\"\" title=\"_MG_8350\" data-src=\"http:\/\/theaterkonstellationen.ch\/wp-content\/uploads\/2017\/10\/MG_8350.jpg\" \/>\n\n\n\t\t\t\t<\/div>\n\t\t\t<div  class=\"ms-slide\" data-delay=\"3\" data-fill-mode=\"fit\"   >\n\t\t\t\t\t<img decoding=\"async\" src=\"http:\/\/theaterkonstellationen.ch\/wp-content\/plugins\/masterslider\/public\/assets\/css\/blank.gif\" alt=\"\" title=\"_MG_8265\" data-src=\"http:\/\/theaterkonstellationen.ch\/wp-content\/uploads\/2017\/10\/MG_8265.jpg\" \/>\n\n\n\t\t\t\t<\/div>\n\t\t\t<div  class=\"ms-slide\" data-delay=\"3\" data-fill-mode=\"fit\"   >\n\t\t\t\t\t<img decoding=\"async\" src=\"http:\/\/theaterkonstellationen.ch\/wp-content\/plugins\/masterslider\/public\/assets\/css\/blank.gif\" alt=\"\" title=\"_MG_8211\" data-src=\"http:\/\/theaterkonstellationen.ch\/wp-content\/uploads\/2017\/10\/MG_8211.jpg\" \/>\n\n\n\t\t\t\t<\/div>\n\t\t\t<div  class=\"ms-slide\" data-delay=\"3\" data-fill-mode=\"fill\"   >\n\t\t\t\t\t<img decoding=\"async\" src=\"http:\/\/theaterkonstellationen.ch\/wp-content\/plugins\/masterslider\/public\/assets\/css\/blank.gif\" alt=\"\" title=\"_MG_8208\" data-src=\"http:\/\/theaterkonstellationen.ch\/wp-content\/uploads\/2017\/10\/MG_8208.jpg\" \/>\n\n\n\t\t\t\t<\/div>\n\n\t\t\t<\/div>\n\t\t\t<!-- END MasterSlider Main -->\n\n\t\t\t \n\t\t<\/div>\n\t\t<!-- END MasterSlider -->\n\n\t\t<script>\n\t\t( window.MSReady = window.MSReady || [] ).push( function( $ ) {\n\n\t\t\t\"use strict\";\n\t\t\tvar masterslider_3f97 = new MasterSlider();\n\n\t\t\t\/\/ slider controls\n\t\t\tmasterslider_3f97.control('arrows'     ,{ autohide:false, overVideo:false  });\n\t\t\t\/\/ slider setup\n\t\t\tmasterslider_3f97.setup(\"MS5bd653b5f3f97\", {\n\t\t\t\twidth           : 800,\n\t\t\t\theight          : 500,\n\t\t\t\tminHeight       : 0,\n\t\t\t\tspace           : 0,\n\t\t\t\tstart           : 1,\n\t\t\t\tgrabCursor      : false,\n\t\t\t\tswipe           : true,\n\t\t\t\tmouse           : true,\n\t\t\t\tkeyboard        : false,\n\t\t\t\tlayout          : \"fillwidth\",\n\t\t\t\twheel           : false,\n\t\t\t\tautoplay        : false,\n                instantStartLayers:false,\n\t\t\t\tmobileBGVideo:false,\n\t\t\t\tloop            : true,\n\t\t\t\tshuffle         : false,\n\t\t\t\tpreload         : 0,\n\t\t\t\theightLimit     : true,\n\t\t\t\tautoHeight      : false,\n\t\t\t\tsmoothHeight    : true,\n\t\t\t\tendPause        : false,\n\t\t\t\toverPause       : true,\n\t\t\t\tfillMode        : \"fill\",\n\t\t\t\tcenterControls  : true,\n\t\t\t\tstartOnAppear   : false,\n\t\t\t\tlayersMode      : \"center\",\n\t\t\t\tautofillTarget  : \"\",\n\t\t\t\thideLayers      : false,\n\t\t\t\tfullscreenMargin: 0,\n\t\t\t\tspeed           : 10,\n\t\t\t\tdir             : \"h\",\n\t\t\t\tparallaxMode    : 'swipe',\n\t\t\t\tview            : \"basic\"\n\t\t\t});\n\n\t\t\t\n\t\t\twindow.masterslider_instances = window.masterslider_instances || [];\n\t\t\twindow.masterslider_instances.push( masterslider_3f97 );\n\t\t});\n\t\t<\/script>\n\n\n<p>&nbsp;<\/p>\n<hr \/>\n<h1>Besetzung<\/h1>\n<p>SPIEL Kristina Brons (Basel) Thomas Schmidt (Basel) Markus Mathis (St.Gallen) Axel R\u00f6hrle (St.Gallen)<br \/>\nTEXT Beatrice Fleischlin<br \/>\nREGIE Jonas Knecht<br \/>\nMUSIK Anna Trauffer (Basel) Andi Peter (St.Gallen)<br \/>\nAUSSTATTUNG Markus Karner<br \/>\nDRAMATURGIE Peter Jakob Kelting<br \/>\nPRODUKTIONSLEITUNG Gabi Bernetta<br \/>\nPRODUKTIONSASSISTENZ Josefine St\u00e4hli<\/p>\n<p>TRYOUT BASEL<br \/>\nSo haben wir Ende Mai (30. und 31. Mai 2013) im Rahmen des Festivals Wildwuchs in Basel den Stadtraum vor dem Kiosk &#8222;k-eck&#8220; bei der Kaserne bespielt.<\/p>\n<p>LIVE H\u00d6RSPIEL ST.GALLEN<br \/>\nVom 16. bis 19.10.2013 bespielten wir in St.Gallen ein gr\u00fcnes Markth\u00e4uschen beim Blumenmarkt. Diese Bespielung ist die erste Folge einer Live-H\u00f6rspiel-Reihe, die wir, begleitend zu unserem mensch!-Projekt, exklusiv f\u00fcr St.Gallen produzieren.<\/p>\n<p><em>Unterst\u00fctzt durch: Fachausschuss Literatur Basel-Stadt \/ Basel-Landschaft, Amt f\u00fcr Kultur des Kantons St.Gallen, Fachstelle Kultur der Stadt St.Gallen, Migros Kulturprozent PRAIRIE \u2013 das Koproduktionsmodell des Migros-Kulturprozent mit innovativen Schweizer Theatergruppen.<\/em><\/p>\n<hr \/>\n<h2>Presse Live-H\u00f6rspiel St.Gallen<\/h2>\n<p><a class=\"download\" title=\"Vorschau im St.Galler Tagblatt\" href=\"http:\/\/www.tagblatt.ch\/nachrichten\/kultur\/Nachdenken-ueber-das-Existenzielle;art188,3568707\" target=\"_blank\" rel=\"noopener\">Vorschau im St.Galler Tagblatt vom 14.10.2013 von Brigitte Schmid<\/a><\/p>\n<p><a class=\"download\" title=\"Leitet Herunterladen der Datei ein\" href=\"http:\/\/www.tagblatt.ch\/nachrichten\/kultur\/Irgendetwas-laeuft-hier-schief;art188,3573116\" target=\"_blank\" rel=\"noopener\">Kritik im St.Galler Tagblatt vom 18.10.2013 von Brigitte Schmid<\/a><\/p>\n<h2>Presse Tryout Basel<\/h2>\n<p><a class=\"external-link-new-window\" title=\"Blitzkritik Tagesanzeiger\" href=\"http:\/\/www.tagesanzeiger.ch\/kultur\/pop-und-jazz\/Blitzkritik-Willkommen-in-der-Tyrannei\/story\/27709771\" target=\"_blank\" rel=\"noopener\" data-htmlarea-external=\"1\">Blitzkritik auf www.tagesanzeiger.ch\u00a0vom 31.05.2013<\/a><\/p>\n<hr \/>\n<h1>Video<\/h1>\n<p><span class=\"xml-text\">Mittschnitt der Vorstellungen vom 19.10.2013, Blumenmarkt St.Gallen<\/span><br \/>\n<span class=\"xml-text\">Der erste Teil des Mittschnittes ist von aussen gefilmt, der zweite Teil zeigt die Perspektive der Zuschauerinnen und Zuschauer im Markth\u00e4uschen.<\/span><br \/>\n<span class=\"xml-text\">\u00a9 Jost Nyffeler, Commedia, Bern<\/span><\/p>\n<p><iframe loading=\"lazy\" title=\"theater konstellationen \/ willkommen in der tyrannei meiner intimit\u00e4t\" src=\"https:\/\/player.vimeo.com\/video\/87574701?dnt=1&amp;app_id=122963\" width=\"500\" height=\"281\" frameborder=\"0\" allow=\"autoplay; fullscreen; picture-in-picture; clipboard-write\"><\/iframe><\/p>\n<hr \/>\n<p>&nbsp;<\/p>\n","protected":false},"excerpt":{"rendered":"<p>von Beatrice Fleischlin Aufzug N\u00b01 aus\u00a0\u00abMENSCH! \u2013 EIN SHOWBUSINESS IN MEHREREN AUFZ\u00dcGEN\u00bb theater konstellationen | Urauff\u00fchrung Beatrice Fleischlin (Performerin \/ Autorin) und Jonas Knecht (Regisseur)&#8230;<\/p>\n<div class=\"more-link-wrapper\"><a class=\"more-link\" href=\"https:\/\/jonasknecht.com\/?page_id=688\">Weiterlesen<span class=\"screen-reader-text\">willkommen in der tyrannei meiner intimit\u00e4t<\/span><\/a><\/div>\n","protected":false},"author":1,"featured_media":0,"parent":133,"menu_order":0,"comment_status":"closed","ping_status":"closed","template":"","meta":{"footnotes":""},"class_list":["post-688","page","type-page","status-publish","hentry","ratio-natural","entry"],"_links":{"self":[{"href":"https:\/\/jonasknecht.com\/index.php?rest_route=\/wp\/v2\/pages\/688","targetHints":{"allow":["GET"]}}],"collection":[{"href":"https:\/\/jonasknecht.com\/index.php?rest_route=\/wp\/v2\/pages"}],"about":[{"href":"https:\/\/jonasknecht.com\/index.php?rest_route=\/wp\/v2\/types\/page"}],"author":[{"embeddable":true,"href":"https:\/\/jonasknecht.com\/index.php?rest_route=\/wp\/v2\/users\/1"}],"replies":[{"embeddable":true,"href":"https:\/\/jonasknecht.com\/index.php?rest_route=%2Fwp%2Fv2%2Fcomments&post=688"}],"version-history":[{"count":8,"href":"https:\/\/jonasknecht.com\/index.php?rest_route=\/wp\/v2\/pages\/688\/revisions"}],"predecessor-version":[{"id":706,"href":"https:\/\/jonasknecht.com\/index.php?rest_route=\/wp\/v2\/pages\/688\/revisions\/706"}],"up":[{"embeddable":true,"href":"https:\/\/jonasknecht.com\/index.php?rest_route=\/wp\/v2\/pages\/133"}],"wp:attachment":[{"href":"https:\/\/jonasknecht.com\/index.php?rest_route=%2Fwp%2Fv2%2Fmedia&parent=688"}],"curies":[{"name":"wp","href":"https:\/\/api.w.org\/{rel}","templated":true}]}}